{"id":3894,"date":"2019-08-07T12:10:52","date_gmt":"2019-08-07T10:10:52","guid":{"rendered":"https:\/\/chargeguru.com\/?page_id=3894"},"modified":"2023-01-27T12:59:31","modified_gmt":"2023-01-27T11:59:31","slug":"besparingen-met-een-elektrisch-voertuig","status":"publish","type":"page","link":"https:\/\/chargeguru.com\/nl-be\/besparingen-met-een-elektrisch-voertuig\/","title":{"rendered":"Bereken uw besparing met een elektrische auto"},"content":{"rendered":"<p>\r\n<section class=\"sh-section sh-section-989cd74da05f108bf30e0fe67bc7aa30 fw-main-row sh-section-visibility-everywhere\">\r\n\t\r\n\t\r\n\t<div class=\"sh-section-container container-fluid\">\r\n\t\t<div class=\"fw-row\">\n\t\r\n<div class=\"sh-column sh-column-aa726e764b933bf97c7c78072513efe2 fw-col-xs-12\" >\r\n\r\n\t\r\n\t<div class=\"sh-column-wrapper\">\r\n\t\t\r\n<div class=\"sh-revslider\" id=\"revslider-b224ed4c9dd075b31837e4760ebc0d0f\">\r\n\t\n\t\t\t<!-- START Tool  savings REVOLUTION SLIDER 6.7.37 --><p class=\"rs-p-wp-fix\"><\/p>\n\t\t\t<rs-module-wrap id=\"rev_slider_53_1_wrapper\" data-source=\"gallery\" style=\"visibility:hidden;background:transparent;padding:0;margin:0px auto;margin-top:0;margin-bottom:0;\">\n\t\t\t\t<rs-module id=\"rev_slider_53_1\" style=\"\" data-version=\"6.7.37\">\n\t\t\t\t\t<rs-slides style=\"overflow: hidden; position: absolute;\">\n\t\t\t\t\t\t<rs-slide style=\"position: absolute;\" data-key=\"rs-55\" data-title=\"Slide\" data-duration=\"9000\" data-anim=\"adpr:false;ms:500;\" data-in=\"o:0;\" data-out=\"a:false;\">\n\t\t\t\t\t\t\t<img src=\"\/\/chargeguru.com\/nl-be\/wp-content\/plugins\/revslider\/sr6\/assets\/assets\/dummy.png\" alt=\"\" title=\"guru-services.jpg\" width=\"2800\" height=\"1165\" class=\"rev-slidebg tp-rs-img rs-lazyload\" data-lazyload=\"\/\/chargeguru.com\/nl-be\/wp-content\/uploads\/sites\/8\/revslider\/services-contrat-maintenance-maison-1\/guru-services.jpg\" data-bg=\"p:center bottom;\" data-no-retina>\n<!--\n\t\t\t\t\t\t\t--><rs-layer\n\t\t\t\t\t\t\t\tid=\"slider-53-slide-55-layer-3\" \n\t\t\t\t\t\t\t\tdata-type=\"text\"\n\t\t\t\t\t\t\t\tdata-rsp_ch=\"on\"\n\t\t\t\t\t\t\t\tdata-xy=\"x:l,l,l,c;xo:218px,30px,33px,0;yo:167px,171px,157px,160px;\"\n\t\t\t\t\t\t\t\tdata-text=\"w:nowrap,nowrap,nowrap,normal;s:38,38,38,36;l:22,22,22,38;fw:600;a:inherit,inherit,inherit,center;\"\n\t\t\t\t\t\t\t\tdata-dim=\"w:704px,704px,704px,479px;\"\n\t\t\t\t\t\t\t\tdata-frame_1=\"st:300;sR:300;\"\n\t\t\t\t\t\t\t\tdata-frame_999=\"o:0;st:w;sR:8400;\"\n\t\t\t\t\t\t\t\tstyle=\"z-index:6;font-family:'Raleway';\"\n\t\t\t\t\t\t\t>Besparingssimulator voor een elektrische auto \n\t\t\t\t\t\t\t<\/rs-layer><!--\n\n\t\t\t\t\t\t\t--><rs-layer\n\t\t\t\t\t\t\t\tid=\"slider-53-slide-55-layer-5\" \n\t\t\t\t\t\t\t\tdata-type=\"text\"\n\t\t\t\t\t\t\t\tdata-rsp_ch=\"on\"\n\t\t\t\t\t\t\t\tdata-xy=\"x:l,l,l,c;xo:218px,30px,35px,0;yo:221px,225px,209px,475px;\"\n\t\t\t\t\t\t\t\tdata-text=\"w:normal;s:18;l:26;fw:500;a:inherit,inherit,inherit,center;\"\n\t\t\t\t\t\t\t\tdata-dim=\"w:521px,521px,521px,431px;h:auto,auto,auto,79px;\"\n\t\t\t\t\t\t\t\tdata-frame_0=\"y:-50px;\"\n\t\t\t\t\t\t\t\tdata-frame_1=\"st:900;sR:900;\"\n\t\t\t\t\t\t\t\tdata-frame_999=\"st:w;sR:7800;\"\n\t\t\t\t\t\t\t\tstyle=\"z-index:8;font-family:'Raleway';\"\n\t\t\t\t\t\t\t>Bereken de besparing door over te stappen op een elektrische auto en\nthuis je elektrische auto op te laden in vergelijking met een benzine- of dieselauto. \n\t\t\t\t\t\t\t<\/rs-layer><!--\n\n\t\t\t\t\t\t\t--><rs-layer\n\t\t\t\t\t\t\t\tid=\"slider-53-slide-55-layer-11\" \n\t\t\t\t\t\t\t\tdata-type=\"image\"\n\t\t\t\t\t\t\t\tdata-rsp_ch=\"on\"\n\t\t\t\t\t\t\t\tdata-xy=\"xo:644px,709px,440px,254px;yo:197px,434px,438px,365px;\"\n\t\t\t\t\t\t\t\tdata-text=\"l:22;a:inherit;\"\n\t\t\t\t\t\t\t\tdata-dim=\"w:575,575,238px,181px;h:248auto,248auto,71px,54px;\"\n\t\t\t\t\t\t\t\tdata-frame_0=\"o:1;skX:-85px;\"\n\t\t\t\t\t\t\t\tdata-frame_1=\"st:600;sR:600;\"\n\t\t\t\t\t\t\t\tdata-frame_999=\"o:0;st:w;sR:8100;\"\n\t\t\t\t\t\t\t\tstyle=\"z-index:7;\"\n\t\t\t\t\t\t\t><img src=\"\/\/chargeguru.com\/nl-be\/wp-content\/plugins\/revslider\/sr6\/assets\/assets\/dummy.png\" alt=\"Recharge de voiture \u00e9lectrique en maison (cr\u00e9dit d'impot))\" class=\"tp-rs-img rs-lazyload\" width=\"575\" height=\"248\" data-lazyload=\"\/\/chargeguru.com\/nl-be\/wp-content\/uploads\/sites\/8\/2018\/06\/recharge-en-pavillon.png\" data-no-retina> \n\t\t\t\t\t\t\t<\/rs-layer><!--\n\n\t\t\t\t\t\t\t--><rs-layer\n\t\t\t\t\t\t\t\tid=\"slider-53-slide-55-layer-21\" \n\t\t\t\t\t\t\t\tclass=\"tp-shape tp-shapewrapper\"\n\t\t\t\t\t\t\t\tdata-type=\"shape\"\n\t\t\t\t\t\t\t\tdata-rsp_ch=\"on\"\n\t\t\t\t\t\t\t\tdata-xy=\"x:l,l,l,c;xo:534px,294px,132px,0;yo:450px,516px,509px,419px;\"\n\t\t\t\t\t\t\t\tdata-text=\"fw:700;a:inherit;\"\n\t\t\t\t\t\t\t\tdata-dim=\"w:700px,700px,600px,450px;h:2px;\"\n\t\t\t\t\t\t\t\tdata-frame_1=\"sR:10;\"\n\t\t\t\t\t\t\t\tdata-frame_999=\"o:0;st:w;sR:8690;\"\n\t\t\t\t\t\t\t\tstyle=\"z-index:5;background-color:#ffffff;\"\n\t\t\t\t\t\t\t> \n\t\t\t\t\t\t\t<\/rs-layer><!--\n\n\t\t\t\t\t\t\t--><rs-layer\n\t\t\t\t\t\t\t\tid=\"slider-53-slide-55-layer-23\" \n\t\t\t\t\t\t\t\tdata-type=\"text\"\n\t\t\t\t\t\t\t\tdata-rsp_ch=\"on\"\n\t\t\t\t\t\t\t\tdata-xy=\"x:l,l,l,c;xo:227px,39px,42px,0;yo:350px,354px,323px,601px;\"\n\t\t\t\t\t\t\t\tdata-text=\"s:17;l:22;a:inherit;\"\n\t\t\t\t\t\t\t\tdata-frame_0=\"y:50px;\"\n\t\t\t\t\t\t\t\tdata-frame_1=\"st:2000;sR:2000;\"\n\t\t\t\t\t\t\t\tdata-frame_999=\"o:0;st:w;sR:6700;\"\n\t\t\t\t\t\t\t\tdata-frame_hover=\"c:#000;bor:0px,0px,0px,0px;oX:50;oY:50;sp:0;e:none;\"\n\t\t\t\t\t\t\t\tstyle=\"z-index:9;font-family:'Raleway';\"\n\t\t\t\t\t\t\t><a class=\"typeform-share guru-button guru-translate\" href=\"https:\/\/chargeguru.typeform.com\/to\/a0EGByv9\" data-tf-transitive-search-params=\"gclid\" data-transferable-url-parameters=\"gclid\" data-mode=\"popup\" data-hide-headers=true data-hide-footer=true data-submit-close-delay=\"5\" target=\"_blank\">ONTVANG UW OFFERTE <i class=\"fa-chevron-right\"><\/i><\/a>  \n\t\t\t\t\t\t\t<\/rs-layer><!--\n-->\t\t\t\t\t<\/rs-slide>\n\t\t\t\t\t<\/rs-slides>\n\t\t\t\t<\/rs-module>\n\t\t\t\t<script>\n\t\t\t\t\tsetREVStartSize({c: 'rev_slider_53_1',rl:[1240,1024,778,480],el:[534,600,600,720],gw:[1240,1024,778,480],gh:[534,600,600,720],type:'hero',justify:'',layout:'fullwidth',mh:\"0\"});if (window.RS_MODULES!==undefined && window.RS_MODULES.modules!==undefined && window.RS_MODULES.modules[\"revslider531\"]!==undefined) {window.RS_MODULES.modules[\"revslider531\"].once = false;window.revapi53 = undefined;if (window.RS_MODULES.checkMinimal!==undefined) window.RS_MODULES.checkMinimal()}\n\t\t\t\t<\/script>\n\t\t\t<\/rs-module-wrap>\n\t\t\t<!-- END REVOLUTION SLIDER -->\n<\/div>\r\n\t<\/div>\r\n\r\n\r\n\t\t\r\n\r\n<\/div>\r\n<\/div>\n\n\t<\/div>\r\n<\/section>\r\n\r\n<section class=\"sh-section sh-section-2109c5961b1566f41cb3a2fc10652903 fw-main-row sh-section-visibility-everywhere\">\r\n\t\r\n\t\r\n\t<div class=\"sh-section-container container section-justify-height\">\r\n\t\t<div class=\"fw-row\">\n\t\r\n<div class=\"sh-column sh-column-20aac8b16e80586abbf3188593085576 fw-col-xs-12\" >\r\n\r\n\t\r\n\t<div class=\"sh-column-wrapper\">\r\n\t\t\r\n\r\n\t<div class=\"sh-heading sh-heading-style1\" id=\"heading-dd350060f70fbd68d77e9804475f3bac\">\r\n\t\t<h1 class=\"sh-heading-content size-m\">\r\n\t\t\t<h1>WELKE BESPARINGEN MET EEN ELEKTRISCHE AUTO ?<\/h1>\t\t<\/h1>\r\n\t<\/div>\r\n\r\n\r\n<div id=\"text-block-65eff64511b23353569c18cad262f91d\" class=\"sh-text-block\">\r\n\t<p id=\"tw-target-text\" class=\"tw-data-text tw-text-large tw-ta\" dir=\"ltr\" data-placeholder=\"Vertaling\"><span class=\"Y2IQFc\" lang=\"nl\">Met een elektrische auto kunt u aanzienlijk besparen. Als je thuis oplaadt, kost 100 km aan elektriciteit naar schatting ongeveer \u20ac 5 aan elektriciteit, vergeleken met \u20ac 8 met een benzineauto.<\/span><\/p><\/div>\r\n<div class=\"sh-output-html\">\r\n\t<iframe id=\"chargeguru-simulator\" src=\"https:\/\/chargeguru.com\/tools\/simulator\/index.php?locale=nl-BE\" style=\"margin:0; width: 1px; min-width:100%; border:none; overflow:hidden;\" scrolling=\"no\" onload=\"setIframeHeight(this)\"><\/iframe>\n<script src=\"https:\/\/chargeguru.com\/iFrameResize\/iframeResizer.min.js\"><\/script>\n<script> iFrameResize({ heightCalculationMethod: 'lowestElement' }, '#chargeguru-simulator') <\/script><\/div>\r\n\t<\/div>\r\n\r\n\r\n\t\t\r\n\r\n<\/div>\r\n<\/div>\n\n\t<\/div>\r\n<\/section>\r\n\r\n<section class=\"sh-section sh-section-e94d2881dd55d0a1935c72a32d54eec1 fw-main-row sh-section-visibility-everywhere\">\r\n\t\r\n\t\r\n\t<div class=\"sh-section-container container section-justify-height\">\r\n\t\t<div class=\"fw-row\">\n\t\r\n<div class=\"sh-column sh-column-7ec400e4ae7e8200e014b5e1e759a8b6 fw-col-xs-12\" >\r\n\r\n\t\r\n\t<div class=\"sh-column-wrapper\">\r\n\t\t\r\n\r\n\t<div class=\"sh-heading sh-heading-style1\" id=\"heading-ec1fd18327e3feb74e5012ff4e812b71\">\r\n\t\t<h1 class=\"sh-heading-content size-m\">\r\n\t\t\t<span>MEER IN DETAIL<\/span>\t\t<\/h1>\r\n\t<\/div>\r\n\r\n\t<\/div>\r\n\r\n\r\n\t\t\r\n\r\n<\/div>\r\n<\/div>\n\n<div class=\"fw-row\">\n\t\r\n<div class=\"sh-column sh-column-6d39735bf352536c39bf7dfffa53b6a3 fw-col-xs-12 fw-col-sm-3\" >\r\n\r\n\t\r\n\t<div class=\"sh-column-wrapper\">\r\n\t\t\r\n\r\n\t<div class=\"sh-heading sh-heading-style1\" id=\"heading-e3cedb5c63d29bd74c1e1e30099cdcae\">\r\n\t\t<h4 class=\"sh-heading-content size-m\">\r\n\t\t\t<span style=\"text-align: left;\">Het elektrisch voertuig<\/span>\t\t<\/h4>\r\n\t<\/div>\r\n\r\n\r\n<div id=\"text-block-7fd0492f2f7cc8d39436bb43f56a6364\" class=\"sh-text-block\">\r\n\t<p id=\"tw-target-text\" class=\"tw-data-text tw-text-large tw-ta\" dir=\"ltr\" data-placeholder=\"Vertaling\"><span class=\"Y2IQFc\" lang=\"nl\">Om het elektriciteitsverbruik voor het opladen in te schatten, moet het energieverbruik van het elektrische voertuig bekend zijn. Het verbruik is direct afhankelijk van het type voertuig.<\/span><\/p><\/div>\r\n\t<\/div>\r\n\r\n\r\n\t\t\r\n\r\n<\/div>\r\n\r\n<div class=\"sh-column sh-column-8db47f9e1672488b9eccd51386e893e8 fw-col-xs-12 fw-col-sm-3\" >\r\n\r\n\t\r\n\t<div class=\"sh-column-wrapper\">\r\n\t\t\r\n\r\n\t<div class=\"sh-heading sh-heading-style1\" id=\"heading-cdfe22d75ad5d5cc2d85dd9c33b13245\">\r\n\t\t<h4 class=\"sh-heading-content size-m\">\r\n\t\t\t<span style=\"text-align: left;\">Het brandstof voertuig<\/span>\t\t<\/h4>\r\n\t<\/div>\r\n\r\n\r\n<div id=\"text-block-02ca72b820c19ee5da0c45c6ff17def8\" class=\"sh-text-block\">\r\n\t<div id=\"tw-target-text-container\" class=\"tw-ta-container F0azHf tw-nfl\" tabindex=\"0\"><p id=\"tw-target-text\" class=\"tw-data-text tw-text-large tw-ta\" dir=\"ltr\" data-placeholder=\"Vertaling\"><span class=\"Y2IQFc\" lang=\"nl\">Het is noodzakelijk om de kosten van uw benzine- of dieselauto in te schatten. Een dieselmotor verbruikt minder brandstof dan een benzinemotor en de prijs van diesel kan lager zijn dan die van benzine.<\/span><\/p><\/div><div id=\"tw-target-rmn-container\" class=\"tw-target-rmn tw-ta-container F0azHf tw-nfl\"><p id=\"tw-target-rmn\" class=\"tw-data-placeholder tw-text-small tw-ta\" dir=\"ltr\"><\/div><\/div>\r\n\t<\/div>\r\n\r\n\r\n\t\t\r\n\r\n<\/div>\r\n\r\n<div class=\"sh-column sh-column-eee61fceff800e94776949fddf13ab72 fw-col-xs-12 fw-col-sm-3\" >\r\n\r\n\t\r\n\t<div class=\"sh-column-wrapper\">\r\n\t\t\r\n\r\n\t<div class=\"sh-heading sh-heading-style1\" id=\"heading-7cb4c7b7c86b873e862f4ca2d31e282a\">\r\n\t\t<h4 class=\"sh-heading-content size-m\">\r\n\t\t\t<span style=\"text-align: left;\">Het oplaadmoment<\/span>\t\t<\/h4>\r\n\t<\/div>\r\n\r\n\r\n<div id=\"text-block-9f3cb1c6685f556276033f575b59ae26\" class=\"sh-text-block\">\r\n\t<p id=\"tw-target-text\" class=\"tw-data-text tw-text-large tw-ta\" dir=\"ltr\" data-placeholder=\"Vertaling\"><span class=\"Y2IQFc\" lang=\"nl\">Door 's nachts thuis op te laden, profiteert u van het 'nachttarief', dat lager is dan overdag. Dit is de beste manier om geld te besparen dankzij elektriciteit.<\/span><\/p><\/div>\r\n\t<\/div>\r\n\r\n\r\n\t\t\r\n\r\n<\/div>\r\n\r\n<div class=\"sh-column sh-column-6699baef1c1825e3303e48611d1f00df fw-col-xs-12 fw-col-sm-3\" >\r\n\r\n\t\r\n\t<div class=\"sh-column-wrapper\">\r\n\t\t\r\n\r\n\t<div class=\"sh-heading sh-heading-style1\" id=\"heading-d20ece1c677ffc63cb647ac7fef632fd\">\r\n\t\t<h4 class=\"sh-heading-content size-m\">\r\n\t\t\t<span style=\"text-align: left;\">Gebruik van het voertuig<\/span>\t\t<\/h4>\r\n\t<\/div>\r\n\r\n\r\n<div id=\"text-block-d239edcf211c0700a872cc99f4826f9e\" class=\"sh-text-block\">\r\n\t<p id=\"tw-target-text\" class=\"tw-data-text tw-text-large tw-ta\" dir=\"ltr\" data-placeholder=\"Vertaling\"><span class=\"Y2IQFc\" lang=\"nl\">Het brandstof- of elektriciteitsverbruik is direct afhankelijk van de gemaakte ritten. Een elektrisch voertuig verbruikt het minste in stedelijke gebieden, hier bespaar je het meest.<\/span><\/p><\/div>\r\n\t<\/div>\r\n\r\n\r\n\t\t\r\n\r\n<\/div>\r\n<\/div>\n\n<div class=\"fw-row\">\n\t\r\n<div class=\"sh-column sh-column-a5a50aeabd3208f43e457197fa448072 fw-col-xs-12 fw-col-sm-9\" >\r\n\r\n\t\r\n\t<div class=\"sh-column-wrapper\">\r\n\t\t\r\n<div id=\"text-block-5288043c9998594d3583c4456e7ae8b8\" class=\"sh-text-block guru-translate\">\r\n\t<\/div>\r\n\t<\/div>\r\n\r\n\r\n\t\t\r\n\r\n<\/div>\r\n\r\n<div class=\"sh-column sh-column-e516373f49b09384dd0dd706f5fd888f fw-col-xs-12 fw-col-sm-3\" >\r\n\r\n\t\r\n\t<div class=\"sh-column-wrapper\">\r\n\t\t\r\n<div id=\"text-block-a754638735623193d840ee2d23f336de\" class=\"sh-text-block guru-translate\">\r\n\t<p style=\"text-align: center;\"><a href=\"https:\/\/chargeguru.com\/fr\/2020\/10\/16\/est-ce-quon-fait-des-economies-avec-un-vehicule-electrique\/\" target=\"_blank\" rel=\"noopener\"><strong>MEER WETEN\u00a0<\/strong><i class=\"fa-icon-chevron-right\"><\/i><\/a><\/p><\/div>\r\n\t<\/div>\r\n\r\n\r\n\t\t\r\n\r\n<\/div>\r\n<\/div>\n\n\t<\/div>\r\n<\/section>\r\n\r\n<section class=\"sh-section sh-section-76398918af564206f41e21d745be6993 fw-main-row sh-section-visibility-everywhere\" id=\"temps-recharge-et-economies\">\r\n\t\r\n\t\r\n\t<div class=\"sh-section-container container\">\r\n\t\t<div class=\"fw-row\">\n\t\r\n<div class=\"sh-column sh-column-6f72bf2f127b70ef12d7a5a7d4773411 fw-col-xs-12\" >\r\n\r\n\t\r\n\t<div class=\"sh-column-wrapper\">\r\n\t\t\r\n\r\n\t<div class=\"sh-heading sh-heading-style1\" id=\"heading-98f871ee2adf152482e058765fe4aac0\">\r\n\t\t<h1 class=\"sh-heading-content size-m\">\r\n\t\t\t<span style=\"text-align: center;\">ONZE HULPMIDDELEN<\/span>\t\t<\/h1>\r\n\t<\/div>\r\n\r\n\t<\/div>\r\n\r\n\r\n\t\t\r\n\r\n<\/div>\r\n<\/div>\n\n<div class=\"fw-row\">\n\t\r\n<div class=\"sh-column sh-column-2cf712bdd031607bb6b9539d30ab0d83 fw-col-xs-12 fw-col-sm-6 sh-column-mobile-padding sh-column-shadow sh-animated slideInLeft\" data-wow-duration=\"0.8s\">\r\n\r\n\t\r\n\t<div class=\"sh-column-wrapper\">\r\n\t\t\r\n\r\n\t<div class=\"sh-heading sh-heading-style1\" id=\"heading-303118a3995371bcdce562296f827621\">\r\n\t\t<h1 class=\"sh-heading-content size-m\">\r\n\t\t\t<div class=\"guru-tools\"><div class=\"guru-tools-image\"><img style=\"padding-right: 15px;\" src=\"https:\/\/chargeguru.com\/wp-content\/uploads\/2018\/06\/economies-recharge-vehicule-electrique.png\" alt=\"Combine d'\u00e9conomies allez-vous r\u00e9aliser avec votre v\u00e9hicule \u00e9lectrique ?\" width=\"80\" height=\"90\" \/><\/div><span>WELKE BESPARINGEN ?<\/span><\/div>\t\t<\/h1>\r\n\t<\/div>\r\n\r\n\r\n<div id=\"text-block-0572446a7a4a3b240c146fe206665a90\" class=\"sh-text-block guru-tools-text\">\r\n\t<p>Met een elektrische auto <strong>bespaart u<\/strong> dagelijks geld. Met onze <strong>simulator<\/strong> kunt u het bedrag van deze besparingen inschatten.<\/p><p><a class=\"popmake-economies-vehicule-electrique guru-button-small\" href=\"https:\/\/chargeguru.com\/fr\/simulateurs\/economies-en-voiture-electrique\/\">Evalueer uw besparing\u00a0<i class=\"fa fa-angle-double-right\"><\/i><\/a><\/p><\/div>\r\n\t<\/div>\r\n\r\n\r\n\t\t\r\n\r\n<\/div>\r\n\r\n<div class=\"sh-column sh-column-e4f04c6883076e6dbabf7d183af4eafc fw-col-xs-12 fw-col-sm-6 sh-column-mobile-padding sh-column-shadow sh-animated slideInRight\" data-wow-duration=\"0.8s\">\r\n\r\n\t\r\n\t<div class=\"sh-column-wrapper\">\r\n\t\t\r\n\r\n\t<div class=\"sh-heading sh-heading-style1\" id=\"heading-de8ed97497957131b18b83c80b30bb78\">\r\n\t\t<h1 class=\"sh-heading-content size-m\">\r\n\t\t\t<div class=\"guru-tools\"><div class=\"guru-tools-image\"><img style=\"padding-right: 15px;\" src=\"https:\/\/chargeguru.com\/wp-content\/uploads\/2018\/06\/choisir-puissance-borne-recharge.png\" alt=\"Combien d'\u00e9conomies allez-vous r\u00e9aliser avec votre v\u00e9hicule \u00e9lectrique ?\" \/><\/div><span>MIJN LAADTIJD ?<\/span><\/div>\t\t<\/h1>\r\n\t<\/div>\r\n\r\n\r\n<div id=\"text-block-dd9f9454b9a11bef0deeadccf5162e99\" class=\"sh-text-block\">\r\n\t<p>De oplaadtijd is afhankelijk van de <strong>gewenste dagelijkse autonomie<\/strong> en van het <strong>vermogen van het laadpunt<\/strong>. Met onze simulator kunt u de juiste keuze maken!<\/p><p><a class=\"popmake-temps-de-recharge guru-button-small\" href=\"https:\/\/chargeguru.com\/fr\/simulateurs\/temps-de-recharge-voiture-electrique\/\">Evalueer uw laadtijd\u00a0<i class=\"fa fa-angle-double-right\"><\/i><\/a><\/p><\/div>\r\n\t<\/div>\r\n\r\n\r\n\t\t\r\n\r\n<\/div>\r\n<\/div>\n\n\t<\/div>\r\n<\/section>\r\n\r\n<section class=\"sh-section sh-section-3a6f33a2e3dd3b989fd9f7997959e109 fw-main-row sh-section-visibility-everywhere\">\r\n\t\r\n\t\r\n\t<div class=\"sh-section-container container section-justify-height\">\r\n\t\t<div class=\"fw-row\">\n\t\r\n<div class=\"sh-column sh-column-a1d504aece89835ab1418360632a15e6 fw-col-xs-12 fw-col-sm-6 sh-column-mobile-padding\" >\r\n\r\n\t\r\n\t<div class=\"sh-column-wrapper\">\r\n\t\t\r\n\r\n\t<div class=\"sh-heading sh-heading-style1\" id=\"heading-09718ee15ad5a4b5dbd6171f0d45deb3\">\r\n\t\t<h1 class=\"sh-heading-content size-l\">\r\n\t\t\t<span>Leg ons uw project uit<\/span>\t\t<\/h1>\r\n\t<\/div>\r\n\r\n\r\n\r\n\t<div class=\"sh-heading sh-heading-style1\" id=\"heading-3900e849e1267a13272dbc1c9416486b\">\r\n\t\t<h1 class=\"sh-heading-content size-l\">\r\n\t\t\t<span>Wij zorgen voor de rest !<\/span>\t\t<\/h1>\r\n\t<\/div>\r\n\r\n\t<\/div>\r\n\r\n\r\n\t\t\r\n\r\n<\/div>\r\n\r\n<div class=\"sh-column sh-column-e0407d65dcc532b8054baf16b2e7220f fw-col-xs-12 fw-col-sm-6 sh-column-mobile-padding\" >\r\n\r\n\t\r\n\t<div class=\"sh-column-wrapper\">\r\n\t\t\r\n<div id=\"text-block-00a2efda8d10a7621999c47385c0427c\" class=\"sh-text-block guru-translate\">\r\n\t<p><a class=\"typeform-share guru-button-large\" href=\"https:\/\/chargeguru.typeform.com\/to\/a0EGByv9\" target=\"_blank\" rel=\"noopener\" data-mode=\"popup\" data-hide-headers=\"true\" data-hide-footer=\"true\" data-submit-close-delay=\"3\">ONTVANG UW OFFERTE<\/a><\/p><\/div>\r\n\t<\/div>\r\n\r\n\r\n\t\t\r\n\r\n<\/div>\r\n<\/div>\n\n\t<\/div>\r\n<\/section>\r\n<\/p>\n","protected":false},"excerpt":{"rendered":"<p>Besparingssimulator voor een elektrische auto Bereken de besparing door over te stappen op een elektrische auto en thuis je elektrische&#8230;<\/p>\n","protected":false},"author":16,"featured_media":0,"parent":0,"menu_order":0,"comment_status":"closed","ping_status":"closed","template":"","meta":{"content-type":""},"yoast_head":"<!-- This site is optimized with the Yoast SEO Premium plugin v20.8 (Yoast SEO v21.3) - https:\/\/yoast.com\/wordpress\/plugins\/seo\/ -->\n<title>Bereken uw besparing met een elektrische auto - ChargeGuru NL BE | Partner voor laadpunten voor elektrische voertuigen<\/title>\n<meta name=\"description\" content=\"Onze tool schat in een paar klikken de besparingen die u in \u00e9\u00e9n jaar dankzij een elektrische auto kan maken in vergelijking met een benzine- of dieselvoertuig. Vergelijk uw brandstofkosten met de kosten van elektriciteit.\" \/>\n<meta name=\"robots\" content=\"index, follow, max-snippet:-1, max-image-preview:large, max-video-preview:-1\" \/>\n<link rel=\"canonical\" href=\"https:\/\/chargeguru.com\/nl-be\/besparingen-met-een-elektrisch-voertuig\/\" \/>\n<meta property=\"og:locale\" content=\"nl_BE\" \/>\n<meta property=\"og:type\" content=\"article\" \/>\n<meta property=\"og:title\" content=\"Bereken uw besparing met een elektrische auto\" \/>\n<meta property=\"og:description\" content=\"Onze tool schat in een paar klikken de besparingen die u in \u00e9\u00e9n jaar dankzij een elektrische auto kan maken in vergelijking met een benzine- of dieselvoertuig. Vergelijk uw brandstofkosten met de kosten van elektriciteit.\" \/>\n<meta property=\"og:url\" content=\"https:\/\/chargeguru.com\/nl-be\/besparingen-met-een-elektrisch-voertuig\/\" \/>\n<meta property=\"og:site_name\" content=\"ChargeGuru NL BE | Partner voor laadpunten voor elektrische voertuigen\" \/>\n<meta property=\"article:modified_time\" content=\"2023-01-27T11:59:31+00:00\" \/>\n<meta property=\"og:image\" content=\"https:\/\/chargeguru.com\/nl-be\/wp-content\/uploads\/sites\/8\/2018\/06\/guru-step-1.png\" \/>\n<meta name=\"twitter:card\" content=\"summary_large_image\" \/>\n<meta name=\"twitter:label1\" content=\"Geschatte leestijd\" \/>\n\t<meta name=\"twitter:data1\" content=\"3 minuten\" \/>\n<script type=\"application\/ld+json\" class=\"yoast-schema-graph\">{\"@context\":\"https:\/\/schema.org\",\"@graph\":[{\"@type\":\"WebPage\",\"@id\":\"https:\/\/chargeguru.com\/nl-be\/besparingen-met-een-elektrisch-voertuig\/\",\"url\":\"https:\/\/chargeguru.com\/nl-be\/besparingen-met-een-elektrisch-voertuig\/\",\"name\":\"Bereken uw besparing met een elektrische auto - ChargeGuru NL BE | Partner voor laadpunten voor elektrische voertuigen\",\"isPartOf\":{\"@id\":\"https:\/\/chargeguru.com\/nl-be\/#website\"},\"datePublished\":\"2019-08-07T10:10:52+00:00\",\"dateModified\":\"2023-01-27T11:59:31+00:00\",\"description\":\"Onze tool schat in een paar klikken de besparingen die u in \u00e9\u00e9n jaar dankzij een elektrische auto kan maken in vergelijking met een benzine- of dieselvoertuig. Vergelijk uw brandstofkosten met de kosten van elektriciteit.\",\"breadcrumb\":{\"@id\":\"https:\/\/chargeguru.com\/nl-be\/besparingen-met-een-elektrisch-voertuig\/#breadcrumb\"},\"inLanguage\":false,\"potentialAction\":[{\"@type\":\"ReadAction\",\"target\":[\"https:\/\/chargeguru.com\/nl-be\/besparingen-met-een-elektrisch-voertuig\/\"]}]},{\"@type\":\"BreadcrumbList\",\"@id\":\"https:\/\/chargeguru.com\/nl-be\/besparingen-met-een-elektrisch-voertuig\/#breadcrumb\",\"itemListElement\":[{\"@type\":\"ListItem\",\"position\":1,\"name\":\"Home\",\"item\":\"https:\/\/chargeguru.com\/nl-be\/\"},{\"@type\":\"ListItem\",\"position\":2,\"name\":\"Bereken uw besparing met een elektrische auto\"}]},{\"@type\":\"WebSite\",\"@id\":\"https:\/\/chargeguru.com\/nl-be\/#website\",\"url\":\"https:\/\/chargeguru.com\/nl-be\/\",\"name\":\"ChargeGuru NL BE | Partner voor laadpunten voor elektrische voertuigen\",\"description\":\"ChargeGuru | Partner voor laadpunten voor elektrische voertuigen\",\"potentialAction\":[{\"@type\":\"SearchAction\",\"target\":{\"@type\":\"EntryPoint\",\"urlTemplate\":\"https:\/\/chargeguru.com\/nl-be\/?s={search_term_string}\"},\"query-input\":\"required name=search_term_string\"}],\"inLanguage\":false}]}<\/script>\n<!-- \/ Yoast SEO Premium plugin. -->","yoast_head_json":{"title":"Bereken uw besparing met een elektrische auto - ChargeGuru NL BE | Partner voor laadpunten voor elektrische voertuigen","description":"Onze tool schat in een paar klikken de besparingen die u in \u00e9\u00e9n jaar dankzij een elektrische auto kan maken in vergelijking met een benzine- of dieselvoertuig. Vergelijk uw brandstofkosten met de kosten van elektriciteit.","robots":{"index":"index","follow":"follow","max-snippet":"max-snippet:-1","max-image-preview":"max-image-preview:large","max-video-preview":"max-video-preview:-1"},"canonical":"https:\/\/chargeguru.com\/nl-be\/besparingen-met-een-elektrisch-voertuig\/","og_locale":"nl_BE","og_type":"article","og_title":"Bereken uw besparing met een elektrische auto","og_description":"Onze tool schat in een paar klikken de besparingen die u in \u00e9\u00e9n jaar dankzij een elektrische auto kan maken in vergelijking met een benzine- of dieselvoertuig. Vergelijk uw brandstofkosten met de kosten van elektriciteit.","og_url":"https:\/\/chargeguru.com\/nl-be\/besparingen-met-een-elektrisch-voertuig\/","og_site_name":"ChargeGuru NL BE | Partner voor laadpunten voor elektrische voertuigen","article_modified_time":"2023-01-27T11:59:31+00:00","og_image":[{"url":"https:\/\/chargeguru.com\/nl-be\/wp-content\/uploads\/sites\/8\/2018\/06\/guru-step-1.png"}],"twitter_card":"summary_large_image","twitter_misc":{"Geschatte leestijd":"3 minuten"},"schema":{"@context":"https:\/\/schema.org","@graph":[{"@type":"WebPage","@id":"https:\/\/chargeguru.com\/nl-be\/besparingen-met-een-elektrisch-voertuig\/","url":"https:\/\/chargeguru.com\/nl-be\/besparingen-met-een-elektrisch-voertuig\/","name":"Bereken uw besparing met een elektrische auto - ChargeGuru NL BE | Partner voor laadpunten voor elektrische voertuigen","isPartOf":{"@id":"https:\/\/chargeguru.com\/nl-be\/#website"},"datePublished":"2019-08-07T10:10:52+00:00","dateModified":"2023-01-27T11:59:31+00:00","description":"Onze tool schat in een paar klikken de besparingen die u in \u00e9\u00e9n jaar dankzij een elektrische auto kan maken in vergelijking met een benzine- of dieselvoertuig. Vergelijk uw brandstofkosten met de kosten van elektriciteit.","breadcrumb":{"@id":"https:\/\/chargeguru.com\/nl-be\/besparingen-met-een-elektrisch-voertuig\/#breadcrumb"},"inLanguage":false,"potentialAction":[{"@type":"ReadAction","target":["https:\/\/chargeguru.com\/nl-be\/besparingen-met-een-elektrisch-voertuig\/"]}]},{"@type":"BreadcrumbList","@id":"https:\/\/chargeguru.com\/nl-be\/besparingen-met-een-elektrisch-voertuig\/#breadcrumb","itemListElement":[{"@type":"ListItem","position":1,"name":"Home","item":"https:\/\/chargeguru.com\/nl-be\/"},{"@type":"ListItem","position":2,"name":"Bereken uw besparing met een elektrische auto"}]},{"@type":"WebSite","@id":"https:\/\/chargeguru.com\/nl-be\/#website","url":"https:\/\/chargeguru.com\/nl-be\/","name":"ChargeGuru NL BE | Partner voor laadpunten voor elektrische voertuigen","description":"ChargeGuru | Partner voor laadpunten voor elektrische voertuigen","potentialAction":[{"@type":"SearchAction","target":{"@type":"EntryPoint","urlTemplate":"https:\/\/chargeguru.com\/nl-be\/?s={search_term_string}"},"query-input":"required name=search_term_string"}],"inLanguage":false}]}},"_links":{"self":[{"href":"https:\/\/chargeguru.com\/nl-be\/wp-json\/wp\/v2\/pages\/3894"}],"collection":[{"href":"https:\/\/chargeguru.com\/nl-be\/wp-json\/wp\/v2\/pages"}],"about":[{"href":"https:\/\/chargeguru.com\/nl-be\/wp-json\/wp\/v2\/types\/page"}],"author":[{"embeddable":true,"href":"https:\/\/chargeguru.com\/nl-be\/wp-json\/wp\/v2\/users\/16"}],"replies":[{"embeddable":true,"href":"https:\/\/chargeguru.com\/nl-be\/wp-json\/wp\/v2\/comments?post=3894"}],"version-history":[{"count":10,"href":"https:\/\/chargeguru.com\/nl-be\/wp-json\/wp\/v2\/pages\/3894\/revisions"}],"predecessor-version":[{"id":10244,"href":"https:\/\/chargeguru.com\/nl-be\/wp-json\/wp\/v2\/pages\/3894\/revisions\/10244"}],"wp:attachment":[{"href":"https:\/\/chargeguru.com\/nl-be\/wp-json\/wp\/v2\/media?parent=3894"}],"curies":[{"name":"wp","href":"https:\/\/api.w.org\/{rel}","templated":true}]}}