{"id":5068,"date":"2019-11-07T10:40:00","date_gmt":"2019-11-07T09:40:00","guid":{"rendered":"https:\/\/chargeguru.com\/?page_id=5068"},"modified":"2023-08-18T10:16:53","modified_gmt":"2023-08-18T08:16:53","slug":"projet-propose-a-un-autre-partenaire","status":"publish","type":"page","link":"https:\/\/chargeguru.com\/fr\/projet\/projet-propose-a-un-autre-partenaire\/","title":{"rendered":"Projet propos\u00e9 \u00e0 un autre partenaire"},"content":{"rendered":"<p>\r\n<section class=\"sh-section sh-section-2109c5961b1566f41cb3a2fc10652903 fw-main-row sh-section-visibility-everywhere\">\r\n\t\r\n\t\r\n\t<div class=\"sh-section-container container-fluid\">\r\n\t\t<div class=\"fw-row\">\n\t\r\n<div class=\"sh-column sh-column-cd7b68b4706c9e78a6ec290a2b0013cd fw-col-xs-12\" >\r\n\r\n\t\r\n\t<div class=\"sh-column-wrapper\">\r\n\t\t\r\n<div class=\"sh-revslider\" id=\"revslider-6788d7f9f43b7be5972b93a85158121d\">\r\n\t<\/div>\r\n\t<\/div>\r\n\r\n\r\n\t\t\r\n\r\n<\/div>\r\n<\/div>\n\n\t<\/div>\r\n<\/section>\r\n\r\n<section class=\"sh-section sh-section-5639429e8cc0665a54993d287c2f58ec fw-main-row sh-section-visibility-everywhere\">\r\n\t\r\n\t\r\n\t<div class=\"sh-section-container container section-justify-height\">\r\n\t\t<div class=\"fw-row\">\n\t\r\n<div class=\"sh-column sh-column-20aac8b16e80586abbf3188593085576 fw-col-xs-12\" >\r\n\r\n\t\r\n\t<div class=\"sh-column-wrapper\">\r\n\t\t\r\n\r\n\t<div class=\"sh-heading sh-heading-style1\" id=\"heading-dd350060f70fbd68d77e9804475f3bac\">\r\n\t\t<h1 class=\"sh-heading-content size-m\">\r\n\t\t\t<h1>Trop tard ...<\/h1>\t\t<\/h1>\r\n\t<\/div>\r\n\r\n\r\n<div id=\"text-block-65eff64511b23353569c18cad262f91d\" class=\"sh-text-block\">\r\n\t<p>Sans r\u00e9ponse de votre part, le projet a d\u00fb \u00eatre confi\u00e9 \u00e0 un autre partenaire. Nos clients nous demandent d'\u00eatre tr\u00e8s r\u00e9actifs, il n'est pas possible de les faire patienter trop longtemps. Nous comptons sur votre r\u00e9activit\u00e9 pour le prochain projet.<\/p><p>N'h\u00e9sitez pas \u00e0 vous rapprocher de l'ing\u00e9nieur projet Guru en charge du projet ou \u00e0 nous contacter par email \u00e0\u00a0<a href=\"mailto:operations@chargeguru.com\" target=\"_blank\" rel=\"noopener\">operations@chargeguru.com<\/a>\u00a0pour toute question.<\/p><\/div>\r\n\r\n<div class=\"sh-empty-space\" id=\"empty-space-8581715e44493867bf30506d97f2c21b\"><\/div>\r\n\t<\/div>\r\n\r\n\r\n\t\t\r\n\r\n<\/div>\r\n<\/div>\n\n\t<\/div>\r\n<\/section>\r\n<\/p>\n","protected":false},"excerpt":{"rendered":"<p>Trop tard &#8230; Sans r\u00e9ponse de votre part, le projet a d\u00fb \u00eatre confi\u00e9 \u00e0 un autre partenaire. Nos clients&#8230;<\/p>\n","protected":false},"author":5,"featured_media":0,"parent":5023,"menu_order":0,"comment_status":"closed","ping_status":"closed","template":"","meta":{"content-type":""},"yoast_head":"<!-- This site is optimized with the Yoast SEO Premium plugin v20.8 (Yoast SEO v21.3) - https:\/\/yoast.com\/wordpress\/plugins\/seo\/ -->\n<title>Projet propos\u00e9 \u00e0 un autre partenaire - ChargeGuru FR | Installateur de Bornes de Recharge pour V\u00e9hicule Electrique<\/title>\n<meta name=\"robots\" content=\"noindex, nofollow\" \/>\n<meta property=\"og:locale\" content=\"fr_FR\" \/>\n<meta property=\"og:type\" content=\"article\" \/>\n<meta property=\"og:title\" content=\"Projet propos\u00e9 \u00e0 un autre partenaire\" \/>\n<meta property=\"og:description\" content=\"Trop tard ... Sans r\u00e9ponse de votre part, le projet a d\u00fb \u00eatre confi\u00e9 \u00e0 un autre partenaire. Nos clients...\" \/>\n<meta property=\"og:url\" content=\"https:\/\/chargeguru.com\/fr\/projet\/projet-propose-a-un-autre-partenaire\/\" \/>\n<meta property=\"og:site_name\" content=\"ChargeGuru FR | Installateur de Bornes de Recharge pour V\u00e9hicule Electrique\" \/>\n<meta property=\"article:modified_time\" content=\"2023-08-18T08:16:53+00:00\" \/>\n<meta name=\"twitter:card\" content=\"summary_large_image\" \/>\n<script type=\"application\/ld+json\" class=\"yoast-schema-graph\">{\"@context\":\"https:\/\/schema.org\",\"@graph\":[{\"@type\":\"WebPage\",\"@id\":\"https:\/\/chargeguru.com\/fr\/projet\/projet-propose-a-un-autre-partenaire\/\",\"url\":\"https:\/\/chargeguru.com\/fr\/projet\/projet-propose-a-un-autre-partenaire\/\",\"name\":\"Projet propos\u00e9 \u00e0 un autre partenaire - ChargeGuru FR | Installateur de Bornes de Recharge pour V\u00e9hicule Electrique\",\"isPartOf\":{\"@id\":\"https:\/\/chargeguru.com\/fr\/#website\"},\"datePublished\":\"2019-11-07T09:40:00+00:00\",\"dateModified\":\"2023-08-18T08:16:53+00:00\",\"breadcrumb\":{\"@id\":\"https:\/\/chargeguru.com\/fr\/projet\/projet-propose-a-un-autre-partenaire\/#breadcrumb\"},\"inLanguage\":false,\"potentialAction\":[{\"@type\":\"ReadAction\",\"target\":[\"https:\/\/chargeguru.com\/fr\/projet\/projet-propose-a-un-autre-partenaire\/\"]}]},{\"@type\":\"BreadcrumbList\",\"@id\":\"https:\/\/chargeguru.com\/fr\/projet\/projet-propose-a-un-autre-partenaire\/#breadcrumb\",\"itemListElement\":[{\"@type\":\"ListItem\",\"position\":1,\"name\":\"Home\",\"item\":\"https:\/\/chargeguru.com\/fr\/\"},{\"@type\":\"ListItem\",\"position\":2,\"name\":\"Projet\",\"item\":\"https:\/\/chargeguru.com\/fr\/projet\/\"},{\"@type\":\"ListItem\",\"position\":3,\"name\":\"Projet propos\u00e9 \u00e0 un autre partenaire\"}]},{\"@type\":\"WebSite\",\"@id\":\"https:\/\/chargeguru.com\/fr\/#website\",\"url\":\"https:\/\/chargeguru.com\/fr\/\",\"name\":\"ChargeGuru FR | Installateur de Bornes de Recharge pour V\u00e9hicule Electrique\",\"description\":\"Leader de l&#039;installation de bornes de recharge pour v\u00e9hicules \u00e9lectriques et hybrides\",\"potentialAction\":[{\"@type\":\"SearchAction\",\"target\":{\"@type\":\"EntryPoint\",\"urlTemplate\":\"https:\/\/chargeguru.com\/fr\/?s={search_term_string}\"},\"query-input\":\"required name=search_term_string\"}],\"inLanguage\":false}]}<\/script>\n<!-- \/ Yoast SEO Premium plugin. -->","yoast_head_json":{"title":"Projet propos\u00e9 \u00e0 un autre partenaire - ChargeGuru FR | Installateur de Bornes de Recharge pour V\u00e9hicule Electrique","robots":{"index":"noindex","follow":"nofollow"},"og_locale":"fr_FR","og_type":"article","og_title":"Projet propos\u00e9 \u00e0 un autre partenaire","og_description":"Trop tard ... Sans r\u00e9ponse de votre part, le projet a d\u00fb \u00eatre confi\u00e9 \u00e0 un autre partenaire. Nos clients...","og_url":"https:\/\/chargeguru.com\/fr\/projet\/projet-propose-a-un-autre-partenaire\/","og_site_name":"ChargeGuru FR | Installateur de Bornes de Recharge pour V\u00e9hicule Electrique","article_modified_time":"2023-08-18T08:16:53+00:00","twitter_card":"summary_large_image","schema":{"@context":"https:\/\/schema.org","@graph":[{"@type":"WebPage","@id":"https:\/\/chargeguru.com\/fr\/projet\/projet-propose-a-un-autre-partenaire\/","url":"https:\/\/chargeguru.com\/fr\/projet\/projet-propose-a-un-autre-partenaire\/","name":"Projet propos\u00e9 \u00e0 un autre partenaire - ChargeGuru FR | Installateur de Bornes de Recharge pour V\u00e9hicule Electrique","isPartOf":{"@id":"https:\/\/chargeguru.com\/fr\/#website"},"datePublished":"2019-11-07T09:40:00+00:00","dateModified":"2023-08-18T08:16:53+00:00","breadcrumb":{"@id":"https:\/\/chargeguru.com\/fr\/projet\/projet-propose-a-un-autre-partenaire\/#breadcrumb"},"inLanguage":false,"potentialAction":[{"@type":"ReadAction","target":["https:\/\/chargeguru.com\/fr\/projet\/projet-propose-a-un-autre-partenaire\/"]}]},{"@type":"BreadcrumbList","@id":"https:\/\/chargeguru.com\/fr\/projet\/projet-propose-a-un-autre-partenaire\/#breadcrumb","itemListElement":[{"@type":"ListItem","position":1,"name":"Home","item":"https:\/\/chargeguru.com\/fr\/"},{"@type":"ListItem","position":2,"name":"Projet","item":"https:\/\/chargeguru.com\/fr\/projet\/"},{"@type":"ListItem","position":3,"name":"Projet propos\u00e9 \u00e0 un autre partenaire"}]},{"@type":"WebSite","@id":"https:\/\/chargeguru.com\/fr\/#website","url":"https:\/\/chargeguru.com\/fr\/","name":"ChargeGuru FR | Installateur de Bornes de Recharge pour V\u00e9hicule Electrique","description":"Leader de l&#039;installation de bornes de recharge pour v\u00e9hicules \u00e9lectriques et hybrides","potentialAction":[{"@type":"SearchAction","target":{"@type":"EntryPoint","urlTemplate":"https:\/\/chargeguru.com\/fr\/?s={search_term_string}"},"query-input":"required name=search_term_string"}],"inLanguage":false}]}},"_links":{"self":[{"href":"https:\/\/chargeguru.com\/fr\/wp-json\/wp\/v2\/pages\/5068"}],"collection":[{"href":"https:\/\/chargeguru.com\/fr\/wp-json\/wp\/v2\/pages"}],"about":[{"href":"https:\/\/chargeguru.com\/fr\/wp-json\/wp\/v2\/types\/page"}],"author":[{"embeddable":true,"href":"https:\/\/chargeguru.com\/fr\/wp-json\/wp\/v2\/users\/5"}],"replies":[{"embeddable":true,"href":"https:\/\/chargeguru.com\/fr\/wp-json\/wp\/v2\/comments?post=5068"}],"version-history":[{"count":3,"href":"https:\/\/chargeguru.com\/fr\/wp-json\/wp\/v2\/pages\/5068\/revisions"}],"predecessor-version":[{"id":8264,"href":"https:\/\/chargeguru.com\/fr\/wp-json\/wp\/v2\/pages\/5068\/revisions\/8264"}],"up":[{"embeddable":true,"href":"https:\/\/chargeguru.com\/fr\/wp-json\/wp\/v2\/pages\/5023"}],"wp:attachment":[{"href":"https:\/\/chargeguru.com\/fr\/wp-json\/wp\/v2\/media?parent=5068"}],"curies":[{"name":"wp","href":"https:\/\/api.w.org\/{rel}","templated":true}]}}