{"id":1153,"date":"2018-06-08T11:29:32","date_gmt":"2018-06-08T09:29:32","guid":{"rendered":"https:\/\/chargeguru.com\/?page_id=1153"},"modified":"2023-08-18T10:34:34","modified_gmt":"2023-08-18T08:34:34","slug":"vehicules-electriques","status":"publish","type":"page","link":"https:\/\/chargeguru.com\/fr\/vehicules-electriques\/","title":{"rendered":"V\u00e9hicules"},"content":{"rendered":"","protected":false},"excerpt":{"rendered":"","protected":false},"author":2,"featured_media":0,"parent":0,"menu_order":0,"comment_status":"closed","ping_status":"closed","template":"","meta":{"content-type":""},"yoast_head":"<!-- This site is optimized with the Yoast SEO Premium plugin v20.8 (Yoast SEO v21.3) - https:\/\/yoast.com\/wordpress\/plugins\/seo\/ -->\n<title>V\u00e9hicules - ChargeGuru FR | Installateur de Bornes de Recharge pour V\u00e9hicule Electrique<\/title>\n<meta name=\"robots\" content=\"noindex, nofollow\" \/>\n<meta property=\"og:locale\" content=\"fr_FR\" \/>\n<meta property=\"og:type\" content=\"article\" \/>\n<meta property=\"og:title\" content=\"V\u00e9hicules\" \/>\n<meta property=\"og:url\" content=\"https:\/\/chargeguru.com\/fr\/vehicules-electriques\/\" \/>\n<meta property=\"og:site_name\" content=\"ChargeGuru FR | Installateur de Bornes de Recharge pour V\u00e9hicule Electrique\" \/>\n<meta property=\"article:modified_time\" content=\"2023-08-18T08:34:34+00:00\" \/>\n<meta name=\"twitter:card\" content=\"summary_large_image\" \/>\n<script type=\"application\/ld+json\" class=\"yoast-schema-graph\">{\"@context\":\"https:\/\/schema.org\",\"@graph\":[{\"@type\":\"WebPage\",\"@id\":\"https:\/\/chargeguru.com\/fr\/vehicules-electriques\/\",\"url\":\"https:\/\/chargeguru.com\/fr\/vehicules-electriques\/\",\"name\":\"V\u00e9hicules - ChargeGuru FR | Installateur de Bornes de Recharge pour V\u00e9hicule Electrique\",\"isPartOf\":{\"@id\":\"https:\/\/chargeguru.com\/fr\/#website\"},\"datePublished\":\"2018-06-08T09:29:32+00:00\",\"dateModified\":\"2023-08-18T08:34:34+00:00\",\"breadcrumb\":{\"@id\":\"https:\/\/chargeguru.com\/fr\/vehicules-electriques\/#breadcrumb\"},\"inLanguage\":false,\"potentialAction\":[{\"@type\":\"ReadAction\",\"target\":[\"https:\/\/chargeguru.com\/fr\/vehicules-electriques\/\"]}]},{\"@type\":\"BreadcrumbList\",\"@id\":\"https:\/\/chargeguru.com\/fr\/vehicules-electriques\/#breadcrumb\",\"itemListElement\":[{\"@type\":\"ListItem\",\"position\":1,\"name\":\"Home\",\"item\":\"https:\/\/chargeguru.com\/fr\/\"},{\"@type\":\"ListItem\",\"position\":2,\"name\":\"V\u00e9hicules\"}]},{\"@type\":\"WebSite\",\"@id\":\"https:\/\/chargeguru.com\/fr\/#website\",\"url\":\"https:\/\/chargeguru.com\/fr\/\",\"name\":\"ChargeGuru FR | Installateur de Bornes de Recharge pour V\u00e9hicule Electrique\",\"description\":\"Leader de l&#039;installation de bornes de recharge pour v\u00e9hicules \u00e9lectriques et hybrides\",\"potentialAction\":[{\"@type\":\"SearchAction\",\"target\":{\"@type\":\"EntryPoint\",\"urlTemplate\":\"https:\/\/chargeguru.com\/fr\/?s={search_term_string}\"},\"query-input\":\"required name=search_term_string\"}],\"inLanguage\":false}]}<\/script>\n<!-- \/ Yoast SEO Premium plugin. -->","yoast_head_json":{"title":"V\u00e9hicules - ChargeGuru FR | Installateur de Bornes de Recharge pour V\u00e9hicule Electrique","robots":{"index":"noindex","follow":"nofollow"},"og_locale":"fr_FR","og_type":"article","og_title":"V\u00e9hicules","og_url":"https:\/\/chargeguru.com\/fr\/vehicules-electriques\/","og_site_name":"ChargeGuru FR | Installateur de Bornes de Recharge pour V\u00e9hicule Electrique","article_modified_time":"2023-08-18T08:34:34+00:00","twitter_card":"summary_large_image","schema":{"@context":"https:\/\/schema.org","@graph":[{"@type":"WebPage","@id":"https:\/\/chargeguru.com\/fr\/vehicules-electriques\/","url":"https:\/\/chargeguru.com\/fr\/vehicules-electriques\/","name":"V\u00e9hicules - ChargeGuru FR | Installateur de Bornes de Recharge pour V\u00e9hicule Electrique","isPartOf":{"@id":"https:\/\/chargeguru.com\/fr\/#website"},"datePublished":"2018-06-08T09:29:32+00:00","dateModified":"2023-08-18T08:34:34+00:00","breadcrumb":{"@id":"https:\/\/chargeguru.com\/fr\/vehicules-electriques\/#breadcrumb"},"inLanguage":false,"potentialAction":[{"@type":"ReadAction","target":["https:\/\/chargeguru.com\/fr\/vehicules-electriques\/"]}]},{"@type":"BreadcrumbList","@id":"https:\/\/chargeguru.com\/fr\/vehicules-electriques\/#breadcrumb","itemListElement":[{"@type":"ListItem","position":1,"name":"Home","item":"https:\/\/chargeguru.com\/fr\/"},{"@type":"ListItem","position":2,"name":"V\u00e9hicules"}]},{"@type":"WebSite","@id":"https:\/\/chargeguru.com\/fr\/#website","url":"https:\/\/chargeguru.com\/fr\/","name":"ChargeGuru FR | Installateur de Bornes de Recharge pour V\u00e9hicule Electrique","description":"Leader de l&#039;installation de bornes de recharge pour v\u00e9hicules \u00e9lectriques et hybrides","potentialAction":[{"@type":"SearchAction","target":{"@type":"EntryPoint","urlTemplate":"https:\/\/chargeguru.com\/fr\/?s={search_term_string}"},"query-input":"required name=search_term_string"}],"inLanguage":false}]}},"_links":{"self":[{"href":"https:\/\/chargeguru.com\/fr\/wp-json\/wp\/v2\/pages\/1153"}],"collection":[{"href":"https:\/\/chargeguru.com\/fr\/wp-json\/wp\/v2\/pages"}],"about":[{"href":"https:\/\/chargeguru.com\/fr\/wp-json\/wp\/v2\/types\/page"}],"author":[{"embeddable":true,"href":"https:\/\/chargeguru.com\/fr\/wp-json\/wp\/v2\/users\/2"}],"replies":[{"embeddable":true,"href":"https:\/\/chargeguru.com\/fr\/wp-json\/wp\/v2\/comments?post=1153"}],"version-history":[{"count":1,"href":"https:\/\/chargeguru.com\/fr\/wp-json\/wp\/v2\/pages\/1153\/revisions"}],"predecessor-version":[{"id":18204,"href":"https:\/\/chargeguru.com\/fr\/wp-json\/wp\/v2\/pages\/1153\/revisions\/18204"}],"wp:attachment":[{"href":"https:\/\/chargeguru.com\/fr\/wp-json\/wp\/v2\/media?parent=1153"}],"curies":[{"name":"wp","href":"https:\/\/api.w.org\/{rel}","templated":true}]}}