{"id":6276,"date":"2020-02-27T15:53:49","date_gmt":"2020-02-27T14:53:49","guid":{"rendered":"https:\/\/chargeguru.com\/?page_id=6276"},"modified":"2020-10-30T18:56:53","modified_gmt":"2020-10-30T17:56:53","slug":"vehiculos","status":"publish","type":"page","link":"https:\/\/chargeguru.com\/es\/vehiculos\/","title":{"rendered":"Veh\u00edculos"},"content":{"rendered":"","protected":false},"excerpt":{"rendered":"","protected":false},"author":5,"featured_media":0,"parent":0,"menu_order":0,"comment_status":"closed","ping_status":"closed","template":"","meta":{"content-type":""},"yoast_head":"<!-- This site is optimized with the Yoast SEO Premium plugin v20.8 (Yoast SEO v21.3) - https:\/\/yoast.com\/wordpress\/plugins\/seo\/ -->\n<title>Veh\u00edculos - ChargeGuru ES | Instalador de Puntos de Carga para Veh\u00edculos El\u00e9ctricos<\/title>\n<meta name=\"description\" content=\"Recarga tu veh\u00edculo el\u00e9ctrico con un punto de recarga instalado por ChargeGuru. Todo lo que necesitas saber de la autonom\u00eda y tipo de recarga de distintos modelos.\" \/>\n<meta name=\"robots\" content=\"index, follow, max-snippet:-1, max-image-preview:large, max-video-preview:-1\" \/>\n<link rel=\"canonical\" href=\"https:\/\/chargeguru.com\/es\/vehiculos\/\" \/>\n<meta property=\"og:locale\" content=\"es_ES\" \/>\n<meta property=\"og:type\" content=\"article\" \/>\n<meta property=\"og:title\" content=\"Veh\u00edculos\" \/>\n<meta property=\"og:description\" content=\"Recarga tu veh\u00edculo el\u00e9ctrico con un punto de recarga instalado por ChargeGuru. Todo lo que necesitas saber de la autonom\u00eda y tipo de recarga de distintos modelos.\" \/>\n<meta property=\"og:url\" content=\"https:\/\/chargeguru.com\/es\/vehiculos\/\" \/>\n<meta property=\"og:site_name\" content=\"ChargeGuru ES | Instalador de Puntos de Carga para Veh\u00edculos El\u00e9ctricos\" \/>\n<meta property=\"article:modified_time\" content=\"2020-10-30T17:56:53+00:00\" \/>\n<meta name=\"twitter:card\" content=\"summary_large_image\" \/>\n<script type=\"application\/ld+json\" class=\"yoast-schema-graph\">{\"@context\":\"https:\/\/schema.org\",\"@graph\":[{\"@type\":\"WebPage\",\"@id\":\"https:\/\/chargeguru.com\/es\/vehiculos\/\",\"url\":\"https:\/\/chargeguru.com\/es\/vehiculos\/\",\"name\":\"Veh\u00edculos - ChargeGuru ES | Instalador de Puntos de Carga para Veh\u00edculos El\u00e9ctricos\",\"isPartOf\":{\"@id\":\"https:\/\/chargeguru.com\/es\/#website\"},\"datePublished\":\"2020-02-27T14:53:49+00:00\",\"dateModified\":\"2020-10-30T17:56:53+00:00\",\"description\":\"Recarga tu veh\u00edculo el\u00e9ctrico con un punto de recarga instalado por ChargeGuru. Todo lo que necesitas saber de la autonom\u00eda y tipo de recarga de distintos modelos.\",\"breadcrumb\":{\"@id\":\"https:\/\/chargeguru.com\/es\/vehiculos\/#breadcrumb\"},\"inLanguage\":false,\"potentialAction\":[{\"@type\":\"ReadAction\",\"target\":[\"https:\/\/chargeguru.com\/es\/vehiculos\/\"]}]},{\"@type\":\"BreadcrumbList\",\"@id\":\"https:\/\/chargeguru.com\/es\/vehiculos\/#breadcrumb\",\"itemListElement\":[{\"@type\":\"ListItem\",\"position\":1,\"name\":\"Home\",\"item\":\"https:\/\/chargeguru.com\/es\/\"},{\"@type\":\"ListItem\",\"position\":2,\"name\":\"Veh\u00edculos\"}]},{\"@type\":\"WebSite\",\"@id\":\"https:\/\/chargeguru.com\/es\/#website\",\"url\":\"https:\/\/chargeguru.com\/es\/\",\"name\":\"ChargeGuru ES | Instalador de Puntos de Carga para Veh\u00edculos El\u00e9ctricos\",\"description\":\"ChargeGuru ES | Instalador de Puntos de Carga para Veh\u00edculos El\u00e9ctricos\",\"potentialAction\":[{\"@type\":\"SearchAction\",\"target\":{\"@type\":\"EntryPoint\",\"urlTemplate\":\"https:\/\/chargeguru.com\/es\/?s={search_term_string}\"},\"query-input\":\"required name=search_term_string\"}],\"inLanguage\":false}]}<\/script>\n<!-- \/ Yoast SEO Premium plugin. -->","yoast_head_json":{"title":"Veh\u00edculos - ChargeGuru ES | Instalador de Puntos de Carga para Veh\u00edculos El\u00e9ctricos","description":"Recarga tu veh\u00edculo el\u00e9ctrico con un punto de recarga instalado por ChargeGuru. Todo lo que necesitas saber de la autonom\u00eda y tipo de recarga de distintos modelos.","robots":{"index":"index","follow":"follow","max-snippet":"max-snippet:-1","max-image-preview":"max-image-preview:large","max-video-preview":"max-video-preview:-1"},"canonical":"https:\/\/chargeguru.com\/es\/vehiculos\/","og_locale":"es_ES","og_type":"article","og_title":"Veh\u00edculos","og_description":"Recarga tu veh\u00edculo el\u00e9ctrico con un punto de recarga instalado por ChargeGuru. Todo lo que necesitas saber de la autonom\u00eda y tipo de recarga de distintos modelos.","og_url":"https:\/\/chargeguru.com\/es\/vehiculos\/","og_site_name":"ChargeGuru ES | Instalador de Puntos de Carga para Veh\u00edculos El\u00e9ctricos","article_modified_time":"2020-10-30T17:56:53+00:00","twitter_card":"summary_large_image","schema":{"@context":"https:\/\/schema.org","@graph":[{"@type":"WebPage","@id":"https:\/\/chargeguru.com\/es\/vehiculos\/","url":"https:\/\/chargeguru.com\/es\/vehiculos\/","name":"Veh\u00edculos - ChargeGuru ES | Instalador de Puntos de Carga para Veh\u00edculos El\u00e9ctricos","isPartOf":{"@id":"https:\/\/chargeguru.com\/es\/#website"},"datePublished":"2020-02-27T14:53:49+00:00","dateModified":"2020-10-30T17:56:53+00:00","description":"Recarga tu veh\u00edculo el\u00e9ctrico con un punto de recarga instalado por ChargeGuru. Todo lo que necesitas saber de la autonom\u00eda y tipo de recarga de distintos modelos.","breadcrumb":{"@id":"https:\/\/chargeguru.com\/es\/vehiculos\/#breadcrumb"},"inLanguage":false,"potentialAction":[{"@type":"ReadAction","target":["https:\/\/chargeguru.com\/es\/vehiculos\/"]}]},{"@type":"BreadcrumbList","@id":"https:\/\/chargeguru.com\/es\/vehiculos\/#breadcrumb","itemListElement":[{"@type":"ListItem","position":1,"name":"Home","item":"https:\/\/chargeguru.com\/es\/"},{"@type":"ListItem","position":2,"name":"Veh\u00edculos"}]},{"@type":"WebSite","@id":"https:\/\/chargeguru.com\/es\/#website","url":"https:\/\/chargeguru.com\/es\/","name":"ChargeGuru ES | Instalador de Puntos de Carga para Veh\u00edculos El\u00e9ctricos","description":"ChargeGuru ES | Instalador de Puntos de Carga para Veh\u00edculos El\u00e9ctricos","potentialAction":[{"@type":"SearchAction","target":{"@type":"EntryPoint","urlTemplate":"https:\/\/chargeguru.com\/es\/?s={search_term_string}"},"query-input":"required name=search_term_string"}],"inLanguage":false}]}},"_links":{"self":[{"href":"https:\/\/chargeguru.com\/es\/wp-json\/wp\/v2\/pages\/6276"}],"collection":[{"href":"https:\/\/chargeguru.com\/es\/wp-json\/wp\/v2\/pages"}],"about":[{"href":"https:\/\/chargeguru.com\/es\/wp-json\/wp\/v2\/types\/page"}],"author":[{"embeddable":true,"href":"https:\/\/chargeguru.com\/es\/wp-json\/wp\/v2\/users\/5"}],"replies":[{"embeddable":true,"href":"https:\/\/chargeguru.com\/es\/wp-json\/wp\/v2\/comments?post=6276"}],"version-history":[{"count":1,"href":"https:\/\/chargeguru.com\/es\/wp-json\/wp\/v2\/pages\/6276\/revisions"}],"predecessor-version":[{"id":7517,"href":"https:\/\/chargeguru.com\/es\/wp-json\/wp\/v2\/pages\/6276\/revisions\/7517"}],"wp:attachment":[{"href":"https:\/\/chargeguru.com\/es\/wp-json\/wp\/v2\/media?parent=6276"}],"curies":[{"name":"wp","href":"https:\/\/api.w.org\/{rel}","templated":true}]}}