{"id":5025,"date":"2019-11-07T09:47:09","date_gmt":"2019-11-07T08:47:09","guid":{"rendered":"https:\/\/chargeguru.com\/?page_id=5025"},"modified":"2021-11-17T16:22:38","modified_gmt":"2021-11-17T15:22:38","slug":"date-cancelled","status":"publish","type":"page","link":"https:\/\/chargeguru.com\/es\/request\/date-cancelled\/","title":{"rendered":"Date cancelled"},"content":{"rendered":"<p>\r\n<section class=\"sh-section sh-section-2109c5961b1566f41cb3a2fc10652903 fw-main-row sh-section-visibility-everywhere\">\r\n\t\r\n\t\r\n\t<div class=\"sh-section-container container-fluid\">\r\n\t\t<div class=\"fw-row\">\n\t\r\n<div class=\"sh-column sh-column-e6b6780653aa9ffb273cdeed901dbb5e fw-col-xs-12\" >\r\n\r\n\t\r\n\t<div class=\"sh-column-wrapper\">\r\n\t\t\r\n<div class=\"sh-revslider\" id=\"revslider-6788d7f9f43b7be5972b93a85158121d\">\r\n\t\n\t\t\t<!-- START Gracias por tu respuesta REVOLUTION SLIDER 6.7.37 --><p class=\"rs-p-wp-fix\"><\/p>\n\t\t\t<rs-module-wrap id=\"rev_slider_36_1_wrapper\" data-source=\"gallery\" style=\"visibility:hidden;background:transparent;padding:0;margin:0px auto;margin-top:0;margin-bottom:0;\">\n\t\t\t\t<rs-module id=\"rev_slider_36_1\" style=\"\" data-version=\"6.7.37\">\n\t\t\t\t\t<rs-slides style=\"overflow: hidden; position: absolute;\">\n\t\t\t\t\t\t<rs-slide style=\"position: absolute;\" data-key=\"rs-46\" data-title=\"Slide\" data-duration=\"9000\" data-anim=\"ms:500;r:0;\" data-in=\"o:0;\" data-out=\"a:false;\">\n\t\t\t\t\t\t\t<img src=\"\/\/chargeguru.com\/es\/wp-content\/plugins\/revslider\/sr6\/assets\/assets\/dummy.png\" alt=\"\" title=\"Date cancelled\" class=\"rev-slidebg tp-rs-img rs-lazyload\" data-lazyload=\"\/\/chargeguru.com\/es\/wp-content\/uploads\/sites\/2\/revslider\/vehiculo-bmw-i3-2\/guru-vehicules.jpg\" data-bg=\"p:center bottom;\" data-no-retina>\n<!--\n\t\t\t\t\t\t\t--><rs-layer\n\t\t\t\t\t\t\t\tid=\"slider-36-slide-46-layer-1\" \n\t\t\t\t\t\t\t\tdata-type=\"image\"\n\t\t\t\t\t\t\t\tdata-rsp_ch=\"on\"\n\t\t\t\t\t\t\t\tdata-xy=\"x:l,l,l,c;xo:827px,535px,117px,5px;yo:125px,270px,505px,151px;\"\n\t\t\t\t\t\t\t\tdata-text=\"l:22;a:inherit;\"\n\t\t\t\t\t\t\t\tdata-dim=\"w:334px,334px,527px,338px;h:342px,342px,273px,175px;\"\n\t\t\t\t\t\t\t\tdata-frame_0=\"o:1;\"\n\t\t\t\t\t\t\t\tdata-frame_1=\"sR:10;\"\n\t\t\t\t\t\t\t\tdata-frame_999=\"e:nothing;st:w;sR:8690;\"\n\t\t\t\t\t\t\t\tstyle=\"z-index:5;\"\n\t\t\t\t\t\t\t><img src=\"\/\/chargeguru.com\/es\/wp-content\/plugins\/revslider\/sr6\/assets\/assets\/dummy.png\" alt=\"\" class=\"tp-rs-img rs-lazyload\" width=\"516\" height=\"528\" data-lazyload=\"\/\/chargeguru.com\/es\/wp-content\/uploads\/sites\/2\/revslider\/contacto\/guru_casquette.png\" data-no-retina> \n\t\t\t\t\t\t\t<\/rs-layer><!--\n\n\t\t\t\t\t\t\t--><rs-layer\n\t\t\t\t\t\t\t\tid=\"slider-36-slide-46-layer-3\" \n\t\t\t\t\t\t\t\tdata-type=\"text\"\n\t\t\t\t\t\t\t\tdata-rsp_ch=\"on\"\n\t\t\t\t\t\t\t\tdata-xy=\"x:l,l,c,c;xo:204px,78px,-149px,7px;yo:306px,92px,75px,33px;\"\n\t\t\t\t\t\t\t\tdata-text=\"w:nowrap,nowrap,nowrap,normal;s:38,38,38,33;l:22,22,22,40;fw:600;a:inherit;\"\n\t\t\t\t\t\t\t\tdata-dim=\"w:704px,704px,375px,344px;h:39px,39px,40px,120px;\"\n\t\t\t\t\t\t\t\tdata-frame_1=\"st:300;sR:300;\"\n\t\t\t\t\t\t\t\tdata-frame_999=\"o:0;st:w;sR:8400;\"\n\t\t\t\t\t\t\t\tstyle=\"z-index:6;font-family:'Raleway';\"\n\t\t\t\t\t\t\t>\u00a1Muchas gracias por tu respuesta!\n \n\t\t\t\t\t\t\t<\/rs-layer><!--\n-->\t\t\t\t\t<\/rs-slide>\n\t\t\t\t\t<\/rs-slides>\n\t\t\t\t<\/rs-module>\n\t\t\t\t<script>\n\t\t\t\t\tsetREVStartSize({c: 'rev_slider_36_1',rl:[1240,1024,778,480],el:[534,768,960,720],gw:[1240,1024,778,480],gh:[534,768,960,720],type:'hero',justify:'',layout:'fullwidth',mh:\"0\"});if (window.RS_MODULES!==undefined && window.RS_MODULES.modules!==undefined && window.RS_MODULES.modules[\"revslider361\"]!==undefined) {window.RS_MODULES.modules[\"revslider361\"].once = false;window.revapi36 = undefined;if (window.RS_MODULES.checkMinimal!==undefined) window.RS_MODULES.checkMinimal()}\n\t\t\t\t<\/script>\n\t\t\t<\/rs-module-wrap>\n\t\t\t<!-- END REVOLUTION SLIDER -->\n<\/div>\r\n\t<\/div>\r\n\r\n\r\n\t\t\r\n\r\n<\/div>\r\n<\/div>\n\n\t<\/div>\r\n<\/section>\r\n\r\n<section class=\"sh-section sh-section-5639429e8cc0665a54993d287c2f58ec fw-main-row sh-section-visibility-everywhere\">\r\n\t\r\n\t\r\n\t<div class=\"sh-section-container container section-justify-height\">\r\n\t\t<div class=\"fw-row\">\n\t\r\n<div class=\"sh-column sh-column-20aac8b16e80586abbf3188593085576 fw-col-xs-12\" >\r\n\r\n\t\r\n\t<div class=\"sh-column-wrapper\">\r\n\t\t\r\n\r\n\t<div class=\"sh-heading sh-heading-style1\" id=\"heading-dd350060f70fbd68d77e9804475f3bac\">\r\n\t\t<h1 class=\"sh-heading-content size-m\">\r\n\t\t\t<h1>Su visita t\u00e9cnica ha sido cancelada<\/h1>\t\t<\/h1>\r\n\t<\/div>\r\n\r\n\r\n<div id=\"text-block-65eff64511b23353569c18cad262f91d\" class=\"sh-text-block\">\r\n\t<p>Hemos recibido correctamente su solicitud de cancelaci\u00f3n y en breve le contactaremos para indicarle los pr\u00f3ximos pasos.<br \/>Quedamos a su disposici\u00f3n para cualquier duda. Nos puede contactar por correo:<a href=\"mailto:contacto@chargeguru.com\"> contacto@chargeguru.com<\/a><\/p><\/div>\r\n\r\n<div class=\"sh-empty-space\" id=\"empty-space-8581715e44493867bf30506d97f2c21b\"><\/div>\r\n\t<\/div>\r\n\r\n\r\n\t\t\r\n\r\n<\/div>\r\n<\/div>\n\n\t<\/div>\r\n<\/section>\r\n<\/p>\n","protected":false},"excerpt":{"rendered":"<p>\u00a1Muchas gracias por tu respuesta! Su visita t\u00e9cnica ha sido cancelada Hemos recibido correctamente su solicitud de cancelaci\u00f3n y en&#8230;<\/p>\n","protected":false},"author":5,"featured_media":0,"parent":5023,"menu_order":0,"comment_status":"closed","ping_status":"closed","template":"","meta":{"content-type":""},"yoast_head":"<!-- This site is optimized with the Yoast SEO Premium plugin v20.8 (Yoast SEO v21.3) - https:\/\/yoast.com\/wordpress\/plugins\/seo\/ -->\n<title>Date cancelled - ChargeGuru ES | Instalador de Puntos de Carga para Veh\u00edculos El\u00e9ctricos<\/title>\n<meta name=\"robots\" content=\"index, follow, max-snippet:-1, max-image-preview:large, max-video-preview:-1\" \/>\n<link rel=\"canonical\" href=\"https:\/\/chargeguru.com\/es\/request\/date-cancelled\/\" \/>\n<meta property=\"og:locale\" content=\"es_ES\" \/>\n<meta property=\"og:type\" content=\"article\" \/>\n<meta property=\"og:title\" content=\"Date cancelled\" \/>\n<meta property=\"og:description\" content=\"\u00a1Muchas gracias por tu respuesta! Su visita t\u00e9cnica ha sido cancelada Hemos recibido correctamente su solicitud de cancelaci\u00f3n y en...\" \/>\n<meta property=\"og:url\" content=\"https:\/\/chargeguru.com\/es\/request\/date-cancelled\/\" \/>\n<meta property=\"og:site_name\" content=\"ChargeGuru ES | Instalador de Puntos de Carga para Veh\u00edculos El\u00e9ctricos\" \/>\n<meta property=\"article:modified_time\" content=\"2021-11-17T15:22:38+00:00\" \/>\n<meta name=\"twitter:card\" content=\"summary_large_image\" \/>\n<script type=\"application\/ld+json\" class=\"yoast-schema-graph\">{\"@context\":\"https:\/\/schema.org\",\"@graph\":[{\"@type\":\"WebPage\",\"@id\":\"https:\/\/chargeguru.com\/es\/request\/date-cancelled\/\",\"url\":\"https:\/\/chargeguru.com\/es\/request\/date-cancelled\/\",\"name\":\"Date cancelled - ChargeGuru ES | Instalador de Puntos de Carga para Veh\u00edculos El\u00e9ctricos\",\"isPartOf\":{\"@id\":\"https:\/\/chargeguru.com\/es\/#website\"},\"datePublished\":\"2019-11-07T08:47:09+00:00\",\"dateModified\":\"2021-11-17T15:22:38+00:00\",\"breadcrumb\":{\"@id\":\"https:\/\/chargeguru.com\/es\/request\/date-cancelled\/#breadcrumb\"},\"inLanguage\":false,\"potentialAction\":[{\"@type\":\"ReadAction\",\"target\":[\"https:\/\/chargeguru.com\/es\/request\/date-cancelled\/\"]}]},{\"@type\":\"BreadcrumbList\",\"@id\":\"https:\/\/chargeguru.com\/es\/request\/date-cancelled\/#breadcrumb\",\"itemListElement\":[{\"@type\":\"ListItem\",\"position\":1,\"name\":\"Home\",\"item\":\"https:\/\/chargeguru.com\/es\/\"},{\"@type\":\"ListItem\",\"position\":2,\"name\":\"Request\",\"item\":\"https:\/\/chargeguru.com\/es\/request\/\"},{\"@type\":\"ListItem\",\"position\":3,\"name\":\"Date cancelled\"}]},{\"@type\":\"WebSite\",\"@id\":\"https:\/\/chargeguru.com\/es\/#website\",\"url\":\"https:\/\/chargeguru.com\/es\/\",\"name\":\"ChargeGuru ES | Instalador de Puntos de Carga para Veh\u00edculos El\u00e9ctricos\",\"description\":\"ChargeGuru ES | Instalador de Puntos de Carga para Veh\u00edculos El\u00e9ctricos\",\"potentialAction\":[{\"@type\":\"SearchAction\",\"target\":{\"@type\":\"EntryPoint\",\"urlTemplate\":\"https:\/\/chargeguru.com\/es\/?s={search_term_string}\"},\"query-input\":\"required name=search_term_string\"}],\"inLanguage\":false}]}<\/script>\n<!-- \/ Yoast SEO Premium plugin. -->","yoast_head_json":{"title":"Date cancelled - ChargeGuru ES | Instalador de Puntos de Carga para Veh\u00edculos El\u00e9ctricos","robots":{"index":"index","follow":"follow","max-snippet":"max-snippet:-1","max-image-preview":"max-image-preview:large","max-video-preview":"max-video-preview:-1"},"canonical":"https:\/\/chargeguru.com\/es\/request\/date-cancelled\/","og_locale":"es_ES","og_type":"article","og_title":"Date cancelled","og_description":"\u00a1Muchas gracias por tu respuesta! Su visita t\u00e9cnica ha sido cancelada Hemos recibido correctamente su solicitud de cancelaci\u00f3n y en...","og_url":"https:\/\/chargeguru.com\/es\/request\/date-cancelled\/","og_site_name":"ChargeGuru ES | Instalador de Puntos de Carga para Veh\u00edculos El\u00e9ctricos","article_modified_time":"2021-11-17T15:22:38+00:00","twitter_card":"summary_large_image","schema":{"@context":"https:\/\/schema.org","@graph":[{"@type":"WebPage","@id":"https:\/\/chargeguru.com\/es\/request\/date-cancelled\/","url":"https:\/\/chargeguru.com\/es\/request\/date-cancelled\/","name":"Date cancelled - ChargeGuru ES | Instalador de Puntos de Carga para Veh\u00edculos El\u00e9ctricos","isPartOf":{"@id":"https:\/\/chargeguru.com\/es\/#website"},"datePublished":"2019-11-07T08:47:09+00:00","dateModified":"2021-11-17T15:22:38+00:00","breadcrumb":{"@id":"https:\/\/chargeguru.com\/es\/request\/date-cancelled\/#breadcrumb"},"inLanguage":false,"potentialAction":[{"@type":"ReadAction","target":["https:\/\/chargeguru.com\/es\/request\/date-cancelled\/"]}]},{"@type":"BreadcrumbList","@id":"https:\/\/chargeguru.com\/es\/request\/date-cancelled\/#breadcrumb","itemListElement":[{"@type":"ListItem","position":1,"name":"Home","item":"https:\/\/chargeguru.com\/es\/"},{"@type":"ListItem","position":2,"name":"Request","item":"https:\/\/chargeguru.com\/es\/request\/"},{"@type":"ListItem","position":3,"name":"Date cancelled"}]},{"@type":"WebSite","@id":"https:\/\/chargeguru.com\/es\/#website","url":"https:\/\/chargeguru.com\/es\/","name":"ChargeGuru ES | Instalador de Puntos de Carga para Veh\u00edculos El\u00e9ctricos","description":"ChargeGuru ES | Instalador de Puntos de Carga para Veh\u00edculos El\u00e9ctricos","potentialAction":[{"@type":"SearchAction","target":{"@type":"EntryPoint","urlTemplate":"https:\/\/chargeguru.com\/es\/?s={search_term_string}"},"query-input":"required name=search_term_string"}],"inLanguage":false}]}},"_links":{"self":[{"href":"https:\/\/chargeguru.com\/es\/wp-json\/wp\/v2\/pages\/5025"}],"collection":[{"href":"https:\/\/chargeguru.com\/es\/wp-json\/wp\/v2\/pages"}],"about":[{"href":"https:\/\/chargeguru.com\/es\/wp-json\/wp\/v2\/types\/page"}],"author":[{"embeddable":true,"href":"https:\/\/chargeguru.com\/es\/wp-json\/wp\/v2\/users\/5"}],"replies":[{"embeddable":true,"href":"https:\/\/chargeguru.com\/es\/wp-json\/wp\/v2\/comments?post=5025"}],"version-history":[{"count":7,"href":"https:\/\/chargeguru.com\/es\/wp-json\/wp\/v2\/pages\/5025\/revisions"}],"predecessor-version":[{"id":8390,"href":"https:\/\/chargeguru.com\/es\/wp-json\/wp\/v2\/pages\/5025\/revisions\/8390"}],"up":[{"embeddable":true,"href":"https:\/\/chargeguru.com\/es\/wp-json\/wp\/v2\/pages\/5023"}],"wp:attachment":[{"href":"https:\/\/chargeguru.com\/es\/wp-json\/wp\/v2\/media?parent=5025"}],"curies":[{"name":"wp","href":"https:\/\/api.w.org\/{rel}","templated":true}]}}