{"id":14603,"date":"2023-06-23T12:21:06","date_gmt":"2023-06-23T10:21:06","guid":{"rendered":"https:\/\/chargeguru.com\/es\/?page_id=14603"},"modified":"2023-06-23T12:21:08","modified_gmt":"2023-06-23T10:21:08","slug":"guia-comprar-cargador-electrico","status":"publish","type":"page","link":"https:\/\/chargeguru.com\/es\/guia-comprar-cargador-electrico\/","title":{"rendered":"Gu\u00eda"},"content":{"rendered":"<p>\r\n<section class=\"sh-section sh-section-6594f630cf717868d8458393c864292a fw-main-row sh-section-visibility-everywhere\">\r\n\t\r\n\t\r\n\t<div class=\"sh-section-container container\">\r\n\t\t<div class=\"fw-row\">\n\t\r\n<div class=\"sh-column sh-column-13f9fe00971a2213ee594b235a51d204 fw-col-xs-12 fw-col-sm-6\" >\r\n\r\n\t\r\n\t<div class=\"sh-column-wrapper\">\r\n\t\t\r\n<div class=\"sh-heading  \" id=\"heading-f0b889aca2b54ec7f53e575ff562fe52\">\r\n\t<div class=\"sh-element-margin\">\r\n\r\n\t\t\r\n\t\t\t<h2 class=\"sh-heading-content size-default text-center\">\r\n\t\t\t\t\u00bfC\u00f3mo comprar el mejor cargador para mi coche el\u00e9ctrico?\t\t\t<\/h2>\r\n\r\n\t\t\r\n\t<\/div>\r\n<\/div>\r\n\r\n<div id=\"single-image-08036e46a9ae0941d960e75fe84c6e3a\" class=\"sh-single-image  \">\r\n\t<div class=\"sh-element-margin\">\r\n\r\n\t\t\r\n\t\t\t<div class=\"sh-single-image-container\">\r\n\t\t\t\t\r\n\t\t\t\t\t\t\t\t\t\t\t\t\t\t\t<a href=\"\/\/chargeguru.com\/es\/wp-content\/uploads\/sites\/2\/2023\/05\/imagemwebsite_es.png\" rel=\"lightbox\">\r\n\t\t\t\t\t\r\n\t\t\t\t\t\t\t\t\t\t\t\t\t<img class=\"sh-image-url\" src=\"https:\/\/chargeguru.com\/es\/wp-content\/uploads\/sites\/2\/2023\/05\/imagemwebsite_es-1024x681.png\" alt=\"imagemwebsite_es\" \/>\r\n\t\t\t\t\t\t\t\t\t\t\t\t\t\r\n\t\t\t\t\t\t\t\t\t\t\t<\/a>\r\n\t\t\t\t\t\t\t\t\t\r\n\t\t\t\t\t\t\t<\/div>\r\n\r\n\t\t\r\n\t<\/div>\r\n<\/div>\r\n\r\n<div id=\"text-block-5d1f3a919f3f185f81ca0e70d851869e\" class=\"sh-text-block\">\r\n\t<p>En esta gu\u00eda, puedes encontrar una check list e informaci\u00f3n \u00fatil que puede ayudarlo a elegir el mejor cargador para su veh\u00edculo el\u00e9ctrico:<\/p><ul><li><span style=\"font-size: 16px;\"><strong>Las caracter\u00edsticas que debe verificar en su veh\u00edculo;<\/strong><\/span><\/li><li><span style=\"font-size: 16px;\"><strong>H\u00e1bitos de carga que influir\u00e1n en tu transici\u00f3n a la movilidad el\u00e9ctrica;<\/strong><\/span><\/li><li><span style=\"font-size: 16px;\"><strong>Caracter\u00edsticas que debe considerar al elegir un cargador;<\/strong><\/span><\/li><li><span style=\"font-size: 16px;\"><strong>C\u00f3mo instalar tu cargador en tu casa.<\/strong><\/span><\/li><\/ul><\/div>\r\n\t<\/div>\r\n\r\n\r\n\t\t\r\n\r\n<\/div>\r\n\r\n<div class=\"sh-column sh-column-b5ee5ce451b96ea679e656dbd6d701ba fw-col-xs-12 fw-col-sm-6\" >\r\n\r\n\t\r\n\t<div class=\"sh-column-wrapper\">\r\n\t\t\r\n<div class=\"sh-iconbox sh-iconbox-style12 sh-iconbox-center improved-responsiveness\" id=\"iconbox-5c2dabd1cf598c6ca5831e75aac439ea\">\r\n\t\r\n\t\t\t\t\t<div class=\"sh-iconbox-icon\">\r\n\t\t\t\t<div class=\"sh-iconbox-icon-shape sh-iconbox-circle\">\r\n\t\t\t\t\t<i class=\"sh-iconbox-hover ti-bolt\"><\/i>\r\n\r\n\t\t\t\t\t\t\t\t\t<\/div>\r\n\t\t\t<\/div>\r\n\t\t\r\n\t\t<div class=\"sh-iconbox-aside\">\r\n\t\t\t<div class=\"sh-iconbox-title\">\r\n\t\t\t\t\t\t\t\t\t<h3>Descarga la Gu\u00eda de ChargeGuru<\/h3>\r\n\t\t\t\t\t\t\t<\/div>\r\n\t\t\t<div class=\"sh-iconbox-seperator\"><\/div>\r\n\t\t\t<div class=\"sh-iconbox-content\">\r\n\t\t\t\t\t\t\t<\/div>\r\n\t\t<\/div>\r\n\r\n\t<\/div>\r\n\r\n<div id=\"text-block-1272e7013d6ff45a396ad2533f15213d\" class=\"sh-text-block\">\r\n\t<p><script charset=\"utf-8\" type=\"text\/javascript\" src=\"\/\/js-eu1.hsforms.net\/forms\/embed\/v2.js\"><\/script><br \/><script>  hbspt.forms.create({    region: \"eu1\",    portalId: \"26295830\",    formId: \"2e94332c-9e2f-45c8-a8d7-674c2c7cd8de\"  });<\/script><\/p><\/div>\r\n\t<\/div>\r\n\r\n\r\n\t\t\r\n\r\n<\/div>\r\n<\/div>\n\n\t<\/div>\r\n<\/section>\r\n\r\n<section class=\"sh-section sh-section-a2d2e283952199d551f07fd8c78e1f33 fw-main-row sh-section-visibility-everywhere\">\r\n\t\r\n\t\r\n\t<div class=\"sh-section-container container\">\r\n\t\t<div class=\"fw-row\">\n\t\r\n<div class=\"sh-column sh-column-249daeafe8ad2e6c069e2895a29c8262 fw-col-xs-12\" >\r\n\r\n\t\r\n\t<div class=\"sh-column-wrapper\">\r\n\t\t\r\n<div id=\"text-block-11c3beed64cab4cbfe244225a57be677\" class=\"sh-text-block\">\r\n\t<h4 style=\"text-align: center;\"><strong>\u00a1Si ya lo tienes claro tambi\u00e9n puedes pedir tu presupuesto con ChargeGuru, empresa instaladora de puntos de recarga l\u00edder en Europa!<\/strong><\/h4><\/div>\r\n\r\n<div id=\"text-block-e52a936837232e3079510d4ee21fbfa2\" class=\"sh-text-block guru-translate\">\r\n\t<p style=\"text-align: center;\"><a class=\"typeform-share guru-button\" href=\"https:\/\/chargeguru.typeform.com\/to\/rhI0mL\" target=\"_blank\" rel=\"noopener\" data-tf-transitive-search-params=\"gclid\" data-transferable-url-parameters=\"gclid\" data-mode=\"popup\" data-hide-headers=\"true\" data-hide-footer=\"true\" data-submit-close-delay=\"5\">PIDE TU PRESUPUESTO <i class=\"fa-icon-chevron-right\"><\/i><\/a><\/p><\/div>\r\n\t<\/div>\r\n\r\n\r\n\t\t\r\n\r\n<\/div>\r\n<\/div>\n\n\t<\/div>\r\n<\/section>\r\n<\/p>\n","protected":false},"excerpt":{"rendered":"<p>\u00bfC\u00f3mo comprar el mejor cargador para mi coche el\u00e9ctrico? En esta gu\u00eda, puedes encontrar una check list e informaci\u00f3n \u00fatil&#8230;<\/p>\n","protected":false},"author":37,"featured_media":0,"parent":0,"menu_order":0,"comment_status":"closed","ping_status":"closed","template":"","meta":{"content-type":""},"yoast_head":"<!-- This site is optimized with the Yoast SEO Premium plugin v20.8 (Yoast SEO v21.3) - https:\/\/yoast.com\/wordpress\/plugins\/seo\/ -->\n<title>Gu\u00eda - ChargeGuru ES | Instalador de Puntos de Carga para Veh\u00edculos El\u00e9ctricos<\/title>\n<meta name=\"description\" content=\"En esta gu\u00eda ChargeGuru te da toda la informaci\u00f3n que te interesa saber para comprar e instalar un cargador de coche el\u00e9ctrico.\" \/>\n<meta name=\"robots\" content=\"index, follow, max-snippet:-1, max-image-preview:large, max-video-preview:-1\" \/>\n<link rel=\"canonical\" href=\"https:\/\/chargeguru.com\/es\/guia-comprar-cargador-electrico\/\" \/>\n<meta property=\"og:locale\" content=\"en_US\" \/>\n<meta property=\"og:type\" content=\"article\" \/>\n<meta property=\"og:title\" content=\"Gu\u00eda\" \/>\n<meta property=\"og:description\" content=\"En esta gu\u00eda ChargeGuru te da toda la informaci\u00f3n que te interesa saber para comprar e instalar un cargador de coche el\u00e9ctrico.\" \/>\n<meta property=\"og:url\" content=\"https:\/\/chargeguru.com\/es\/guia-comprar-cargador-electrico\/\" \/>\n<meta property=\"og:site_name\" content=\"ChargeGuru ES | Instalador de Puntos de Carga para Veh\u00edculos El\u00e9ctricos\" \/>\n<meta property=\"article:modified_time\" content=\"2023-06-23T10:21:08+00:00\" \/>\n<meta property=\"og:image\" content=\"https:\/\/chargeguru.com\/es\/wp-content\/uploads\/sites\/2\/2023\/05\/imagemwebsite_es-1024x681.png\" \/>\n<meta name=\"twitter:card\" content=\"summary_large_image\" \/>\n<meta name=\"twitter:label1\" content=\"Tiempo de lectura\" \/>\n\t<meta name=\"twitter:data1\" content=\"1 minuto\" \/>\n<script type=\"application\/ld+json\" class=\"yoast-schema-graph\">{\"@context\":\"https:\/\/schema.org\",\"@graph\":[{\"@type\":\"WebPage\",\"@id\":\"https:\/\/chargeguru.com\/es\/guia-comprar-cargador-electrico\/\",\"url\":\"https:\/\/chargeguru.com\/es\/guia-comprar-cargador-electrico\/\",\"name\":\"Gu\u00eda - ChargeGuru ES | Instalador de Puntos de Carga para Veh\u00edculos El\u00e9ctricos\",\"isPartOf\":{\"@id\":\"https:\/\/chargeguru.com\/es\/#website\"},\"datePublished\":\"2023-06-23T10:21:06+00:00\",\"dateModified\":\"2023-06-23T10:21:08+00:00\",\"description\":\"En esta gu\u00eda ChargeGuru te da toda la informaci\u00f3n que te interesa saber para comprar e instalar un cargador de coche el\u00e9ctrico.\",\"breadcrumb\":{\"@id\":\"https:\/\/chargeguru.com\/es\/guia-comprar-cargador-electrico\/#breadcrumb\"},\"inLanguage\":false,\"potentialAction\":[{\"@type\":\"ReadAction\",\"target\":[\"https:\/\/chargeguru.com\/es\/guia-comprar-cargador-electrico\/\"]}]},{\"@type\":\"BreadcrumbList\",\"@id\":\"https:\/\/chargeguru.com\/es\/guia-comprar-cargador-electrico\/#breadcrumb\",\"itemListElement\":[{\"@type\":\"ListItem\",\"position\":1,\"name\":\"Home\",\"item\":\"https:\/\/chargeguru.com\/es\/\"},{\"@type\":\"ListItem\",\"position\":2,\"name\":\"Gu\u00eda\"}]},{\"@type\":\"WebSite\",\"@id\":\"https:\/\/chargeguru.com\/es\/#website\",\"url\":\"https:\/\/chargeguru.com\/es\/\",\"name\":\"ChargeGuru ES | Instalador de Puntos de Carga para Veh\u00edculos El\u00e9ctricos\",\"description\":\"ChargeGuru ES | Instalador de Puntos de Carga para Veh\u00edculos El\u00e9ctricos\",\"potentialAction\":[{\"@type\":\"SearchAction\",\"target\":{\"@type\":\"EntryPoint\",\"urlTemplate\":\"https:\/\/chargeguru.com\/es\/?s={search_term_string}\"},\"query-input\":\"required name=search_term_string\"}],\"inLanguage\":false}]}<\/script>\n<!-- \/ Yoast SEO Premium plugin. -->","yoast_head_json":{"title":"Gu\u00eda - ChargeGuru ES | Instalador de Puntos de Carga para Veh\u00edculos El\u00e9ctricos","description":"En esta gu\u00eda ChargeGuru te da toda la informaci\u00f3n que te interesa saber para comprar e instalar un cargador de coche el\u00e9ctrico.","robots":{"index":"index","follow":"follow","max-snippet":"max-snippet:-1","max-image-preview":"max-image-preview:large","max-video-preview":"max-video-preview:-1"},"canonical":"https:\/\/chargeguru.com\/es\/guia-comprar-cargador-electrico\/","og_locale":"en_US","og_type":"article","og_title":"Gu\u00eda","og_description":"En esta gu\u00eda ChargeGuru te da toda la informaci\u00f3n que te interesa saber para comprar e instalar un cargador de coche el\u00e9ctrico.","og_url":"https:\/\/chargeguru.com\/es\/guia-comprar-cargador-electrico\/","og_site_name":"ChargeGuru ES | Instalador de Puntos de Carga para Veh\u00edculos El\u00e9ctricos","article_modified_time":"2023-06-23T10:21:08+00:00","og_image":[{"url":"https:\/\/chargeguru.com\/es\/wp-content\/uploads\/sites\/2\/2023\/05\/imagemwebsite_es-1024x681.png"}],"twitter_card":"summary_large_image","twitter_misc":{"Tiempo de lectura":"1 minuto"},"schema":{"@context":"https:\/\/schema.org","@graph":[{"@type":"WebPage","@id":"https:\/\/chargeguru.com\/es\/guia-comprar-cargador-electrico\/","url":"https:\/\/chargeguru.com\/es\/guia-comprar-cargador-electrico\/","name":"Gu\u00eda - ChargeGuru ES | Instalador de Puntos de Carga para Veh\u00edculos El\u00e9ctricos","isPartOf":{"@id":"https:\/\/chargeguru.com\/es\/#website"},"datePublished":"2023-06-23T10:21:06+00:00","dateModified":"2023-06-23T10:21:08+00:00","description":"En esta gu\u00eda ChargeGuru te da toda la informaci\u00f3n que te interesa saber para comprar e instalar un cargador de coche el\u00e9ctrico.","breadcrumb":{"@id":"https:\/\/chargeguru.com\/es\/guia-comprar-cargador-electrico\/#breadcrumb"},"inLanguage":false,"potentialAction":[{"@type":"ReadAction","target":["https:\/\/chargeguru.com\/es\/guia-comprar-cargador-electrico\/"]}]},{"@type":"BreadcrumbList","@id":"https:\/\/chargeguru.com\/es\/guia-comprar-cargador-electrico\/#breadcrumb","itemListElement":[{"@type":"ListItem","position":1,"name":"Home","item":"https:\/\/chargeguru.com\/es\/"},{"@type":"ListItem","position":2,"name":"Gu\u00eda"}]},{"@type":"WebSite","@id":"https:\/\/chargeguru.com\/es\/#website","url":"https:\/\/chargeguru.com\/es\/","name":"ChargeGuru ES | Instalador de Puntos de Carga para Veh\u00edculos El\u00e9ctricos","description":"ChargeGuru ES | Instalador de Puntos de Carga para Veh\u00edculos El\u00e9ctricos","potentialAction":[{"@type":"SearchAction","target":{"@type":"EntryPoint","urlTemplate":"https:\/\/chargeguru.com\/es\/?s={search_term_string}"},"query-input":"required name=search_term_string"}],"inLanguage":false}]}},"_links":{"self":[{"href":"https:\/\/chargeguru.com\/es\/wp-json\/wp\/v2\/pages\/14603"}],"collection":[{"href":"https:\/\/chargeguru.com\/es\/wp-json\/wp\/v2\/pages"}],"about":[{"href":"https:\/\/chargeguru.com\/es\/wp-json\/wp\/v2\/types\/page"}],"author":[{"embeddable":true,"href":"https:\/\/chargeguru.com\/es\/wp-json\/wp\/v2\/users\/37"}],"replies":[{"embeddable":true,"href":"https:\/\/chargeguru.com\/es\/wp-json\/wp\/v2\/comments?post=14603"}],"version-history":[{"count":15,"href":"https:\/\/chargeguru.com\/es\/wp-json\/wp\/v2\/pages\/14603\/revisions"}],"predecessor-version":[{"id":14618,"href":"https:\/\/chargeguru.com\/es\/wp-json\/wp\/v2\/pages\/14603\/revisions\/14618"}],"wp:attachment":[{"href":"https:\/\/chargeguru.com\/es\/wp-json\/wp\/v2\/media?parent=14603"}],"curies":[{"name":"wp","href":"https:\/\/api.w.org\/{rel}","templated":true}]}}