{"id":14417,"date":"2023-04-21T13:52:25","date_gmt":"2023-04-21T11:52:25","guid":{"rendered":"https:\/\/chargeguru.com\/es\/?page_id=14417"},"modified":"2023-06-20T17:06:26","modified_gmt":"2023-06-20T15:06:26","slug":"condiciones-campana-tesla-power-days","status":"publish","type":"page","link":"https:\/\/chargeguru.com\/es\/condiciones-campana-tesla-power-days\/","title":{"rendered":"Condiciones campa\u00f1a Tesla Power Days"},"content":{"rendered":"<h2>Campa\u00f1a Tesla Power Days<\/h2>\n<p><strong>\u00a1Se amplia un mes m\u00e1s!<\/strong><\/p>\n<p>Del <strong>24 de abril al<\/strong><strong> 30 de junio<\/strong>\u00a0podr\u00e1s disfrutar de un 10% de descuento en un punto de recarga para tu Tesla. La instalaci\u00f3n del punto de recarga ser\u00e1 realizada por un instalador certificado, con el fin de garantizar su seguridad y eficiencia.<\/p>\n<h3>Condiciones de la campa\u00f1a:<\/h3>\n<p>1 \u2013 Para aprovechar las condiciones de la campa\u00f1a, simplemente ponte en contacto con ChargeGuru e inf\u00f3rmales de que tienes un veh\u00edculo Tesla.<\/p>\n<p>2 \u2013 La campa\u00f1a comenzar\u00e1 el 24 de abril y tendr\u00e1 una duraci\u00f3n estimada de 1 mes <strong>(AMPLIACI\u00d3N &#8211; fecha de finalizaci\u00f3n: 30 de junio).<\/strong><\/p>\n<p>3 \u2013 El descuento aplicado no es acumulable con otras promociones\/campa\u00f1as\/protocolos existentes.<\/p>\n<p>4 \u2013 El descuento no es aplicable para costes extras de presupuestos basados en la informaci\u00f3n previa facilitada por el cliente.<\/p>\n<p>5 \u2013 La campa\u00f1a es v\u00e1lida para propietarios de veh\u00edculos Tesla residentes en Espa\u00f1a.<\/p>\n<p>6 \u2013 La campa\u00f1a es v\u00e1lida solo para nuevos presupuestos solicitadas en ChargeGuru.<\/p>\n<p>Para obtener m\u00e1s informaci\u00f3n, no dude en contactarnos en contacto@chargeguru.com .<\/p>\n","protected":false},"excerpt":{"rendered":"<p>Campa\u00f1a Tesla Power Days \u00a1Se amplia un mes m\u00e1s! Del 24 de abril al 30 de junio\u00a0podr\u00e1s disfrutar de un&#8230;<\/p>\n","protected":false},"author":37,"featured_media":0,"parent":0,"menu_order":0,"comment_status":"closed","ping_status":"closed","template":"","meta":{"content-type":""},"yoast_head":"<!-- This site is optimized with the Yoast SEO Premium plugin v20.8 (Yoast SEO v21.3) - https:\/\/yoast.com\/wordpress\/plugins\/seo\/ -->\n<title>Condiciones campa\u00f1a Tesla Power Days | 10% de descuento en cargadores Tesla<\/title>\n<meta name=\"description\" content=\"Condiciones campa\u00f1a Tesla Power Days | ChargeGuru, empresa instaladora de puntos de recarga para veh\u00edculo el\u00e9ctrico.\" \/>\n<meta name=\"robots\" content=\"index, follow, max-snippet:-1, max-image-preview:large, max-video-preview:-1\" \/>\n<link rel=\"canonical\" href=\"https:\/\/chargeguru.com\/es\/condiciones-campana-tesla-power-days\/\" \/>\n<meta property=\"og:locale\" content=\"en_US\" \/>\n<meta property=\"og:type\" content=\"article\" \/>\n<meta property=\"og:title\" content=\"Condiciones campa\u00f1a Tesla Power Days\" \/>\n<meta property=\"og:description\" content=\"Condiciones campa\u00f1a Tesla Power Days | ChargeGuru, empresa instaladora de puntos de recarga para veh\u00edculo el\u00e9ctrico.\" \/>\n<meta property=\"og:url\" content=\"https:\/\/chargeguru.com\/es\/condiciones-campana-tesla-power-days\/\" \/>\n<meta property=\"og:site_name\" content=\"ChargeGuru ES | Instalador de Puntos de Carga para Veh\u00edculos El\u00e9ctricos\" \/>\n<meta property=\"article:modified_time\" content=\"2023-06-20T15:06:26+00:00\" \/>\n<meta name=\"twitter:card\" content=\"summary_large_image\" \/>\n<meta name=\"twitter:label1\" content=\"Tiempo de lectura\" \/>\n\t<meta name=\"twitter:data1\" content=\"1 minuto\" \/>\n<script type=\"application\/ld+json\" class=\"yoast-schema-graph\">{\"@context\":\"https:\/\/schema.org\",\"@graph\":[{\"@type\":\"WebPage\",\"@id\":\"https:\/\/chargeguru.com\/es\/condiciones-campana-tesla-power-days\/\",\"url\":\"https:\/\/chargeguru.com\/es\/condiciones-campana-tesla-power-days\/\",\"name\":\"Condiciones campa\u00f1a Tesla Power Days | 10% de descuento en cargadores Tesla\",\"isPartOf\":{\"@id\":\"https:\/\/chargeguru.com\/es\/#website\"},\"datePublished\":\"2023-04-21T11:52:25+00:00\",\"dateModified\":\"2023-06-20T15:06:26+00:00\",\"description\":\"Condiciones campa\u00f1a Tesla Power Days | ChargeGuru, empresa instaladora de puntos de recarga para veh\u00edculo el\u00e9ctrico.\",\"breadcrumb\":{\"@id\":\"https:\/\/chargeguru.com\/es\/condiciones-campana-tesla-power-days\/#breadcrumb\"},\"inLanguage\":false,\"potentialAction\":[{\"@type\":\"ReadAction\",\"target\":[\"https:\/\/chargeguru.com\/es\/condiciones-campana-tesla-power-days\/\"]}]},{\"@type\":\"BreadcrumbList\",\"@id\":\"https:\/\/chargeguru.com\/es\/condiciones-campana-tesla-power-days\/#breadcrumb\",\"itemListElement\":[{\"@type\":\"ListItem\",\"position\":1,\"name\":\"Home\",\"item\":\"https:\/\/chargeguru.com\/es\/\"},{\"@type\":\"ListItem\",\"position\":2,\"name\":\"Condiciones campa\u00f1a Tesla Power Days\"}]},{\"@type\":\"WebSite\",\"@id\":\"https:\/\/chargeguru.com\/es\/#website\",\"url\":\"https:\/\/chargeguru.com\/es\/\",\"name\":\"ChargeGuru ES | Instalador de Puntos de Carga para Veh\u00edculos El\u00e9ctricos\",\"description\":\"ChargeGuru ES | Instalador de Puntos de Carga para Veh\u00edculos El\u00e9ctricos\",\"potentialAction\":[{\"@type\":\"SearchAction\",\"target\":{\"@type\":\"EntryPoint\",\"urlTemplate\":\"https:\/\/chargeguru.com\/es\/?s={search_term_string}\"},\"query-input\":\"required name=search_term_string\"}],\"inLanguage\":false}]}<\/script>\n<!-- \/ Yoast SEO Premium plugin. -->","yoast_head_json":{"title":"Condiciones campa\u00f1a Tesla Power Days | 10% de descuento en cargadores Tesla","description":"Condiciones campa\u00f1a Tesla Power Days | ChargeGuru, empresa instaladora de puntos de recarga para veh\u00edculo el\u00e9ctrico.","robots":{"index":"index","follow":"follow","max-snippet":"max-snippet:-1","max-image-preview":"max-image-preview:large","max-video-preview":"max-video-preview:-1"},"canonical":"https:\/\/chargeguru.com\/es\/condiciones-campana-tesla-power-days\/","og_locale":"en_US","og_type":"article","og_title":"Condiciones campa\u00f1a Tesla Power Days","og_description":"Condiciones campa\u00f1a Tesla Power Days | ChargeGuru, empresa instaladora de puntos de recarga para veh\u00edculo el\u00e9ctrico.","og_url":"https:\/\/chargeguru.com\/es\/condiciones-campana-tesla-power-days\/","og_site_name":"ChargeGuru ES | Instalador de Puntos de Carga para Veh\u00edculos El\u00e9ctricos","article_modified_time":"2023-06-20T15:06:26+00:00","twitter_card":"summary_large_image","twitter_misc":{"Tiempo de lectura":"1 minuto"},"schema":{"@context":"https:\/\/schema.org","@graph":[{"@type":"WebPage","@id":"https:\/\/chargeguru.com\/es\/condiciones-campana-tesla-power-days\/","url":"https:\/\/chargeguru.com\/es\/condiciones-campana-tesla-power-days\/","name":"Condiciones campa\u00f1a Tesla Power Days | 10% de descuento en cargadores Tesla","isPartOf":{"@id":"https:\/\/chargeguru.com\/es\/#website"},"datePublished":"2023-04-21T11:52:25+00:00","dateModified":"2023-06-20T15:06:26+00:00","description":"Condiciones campa\u00f1a Tesla Power Days | ChargeGuru, empresa instaladora de puntos de recarga para veh\u00edculo el\u00e9ctrico.","breadcrumb":{"@id":"https:\/\/chargeguru.com\/es\/condiciones-campana-tesla-power-days\/#breadcrumb"},"inLanguage":false,"potentialAction":[{"@type":"ReadAction","target":["https:\/\/chargeguru.com\/es\/condiciones-campana-tesla-power-days\/"]}]},{"@type":"BreadcrumbList","@id":"https:\/\/chargeguru.com\/es\/condiciones-campana-tesla-power-days\/#breadcrumb","itemListElement":[{"@type":"ListItem","position":1,"name":"Home","item":"https:\/\/chargeguru.com\/es\/"},{"@type":"ListItem","position":2,"name":"Condiciones campa\u00f1a Tesla Power Days"}]},{"@type":"WebSite","@id":"https:\/\/chargeguru.com\/es\/#website","url":"https:\/\/chargeguru.com\/es\/","name":"ChargeGuru ES | Instalador de Puntos de Carga para Veh\u00edculos El\u00e9ctricos","description":"ChargeGuru ES | Instalador de Puntos de Carga para Veh\u00edculos El\u00e9ctricos","potentialAction":[{"@type":"SearchAction","target":{"@type":"EntryPoint","urlTemplate":"https:\/\/chargeguru.com\/es\/?s={search_term_string}"},"query-input":"required name=search_term_string"}],"inLanguage":false}]}},"_links":{"self":[{"href":"https:\/\/chargeguru.com\/es\/wp-json\/wp\/v2\/pages\/14417"}],"collection":[{"href":"https:\/\/chargeguru.com\/es\/wp-json\/wp\/v2\/pages"}],"about":[{"href":"https:\/\/chargeguru.com\/es\/wp-json\/wp\/v2\/types\/page"}],"author":[{"embeddable":true,"href":"https:\/\/chargeguru.com\/es\/wp-json\/wp\/v2\/users\/37"}],"replies":[{"embeddable":true,"href":"https:\/\/chargeguru.com\/es\/wp-json\/wp\/v2\/comments?post=14417"}],"version-history":[{"count":6,"href":"https:\/\/chargeguru.com\/es\/wp-json\/wp\/v2\/pages\/14417\/revisions"}],"predecessor-version":[{"id":14488,"href":"https:\/\/chargeguru.com\/es\/wp-json\/wp\/v2\/pages\/14417\/revisions\/14488"}],"wp:attachment":[{"href":"https:\/\/chargeguru.com\/es\/wp-json\/wp\/v2\/media?parent=14417"}],"curies":[{"name":"wp","href":"https:\/\/api.w.org\/{rel}","templated":true}]}}